{"id":100,"date":"2025-08-18T14:12:23","date_gmt":"2025-08-18T17:12:23","guid":{"rendered":"http:\/\/lojaveloshop.local\/?page_id=100"},"modified":"2025-09-03T21:56:07","modified_gmt":"2025-09-04T00:56:07","slug":"home","status":"publish","type":"page","link":"https:\/\/projetos.devmarcusoliveira.com.br\/lojaveloshop\/","title":{"rendered":"Home"},"content":{"rendered":"\t\t<div data-elementor-type=\"wp-page\" data-elementor-id=\"100\" class=\"elementor elementor-100\">\n\t\t\t\t<div class=\"elementor-element elementor-element-583a896 e-con-full elementor-hidden-tablet elementor-hidden-mobile e-flex e-con e-parent\" data-id=\"583a896\" data-element_type=\"container\" data-e-type=\"container\">\n\t\t\t\t<div class=\"elementor-element elementor-element-d9b129e elementor-widget__width-inherit elementor-widget elementor-widget-image\" data-id=\"d9b129e\" data-element_type=\"widget\" data-e-type=\"widget\" data-widget_type=\"image.default\">\n\t\t\t\t\t\t\t\t\t\t\t\t\t\t\t\t<a href=\"https:\/\/projetos.devmarcusoliveira.com.br\/lojaveloshop\/shopengine-template\/pagina-de-loja\/\">\n\t\t\t\t\t\t\t<img fetchpriority=\"high\" decoding=\"async\" width=\"900\" height=\"400\" src=\"https:\/\/projetos.devmarcusoliveira.com.br\/lojaveloshop\/wp-content\/uploads\/2025\/08\/Os-Melhores-Precos-Em-Bicicletas-Patins-Patinetes-do-Meio-Online.png\" class=\"attachment-full size-full wp-image-662\" alt=\"\" srcset=\"https:\/\/projetos.devmarcusoliveira.com.br\/lojaveloshop\/wp-content\/uploads\/2025\/08\/Os-Melhores-Precos-Em-Bicicletas-Patins-Patinetes-do-Meio-Online.png 900w, https:\/\/projetos.devmarcusoliveira.com.br\/lojaveloshop\/wp-content\/uploads\/2025\/08\/Os-Melhores-Precos-Em-Bicicletas-Patins-Patinetes-do-Meio-Online-300x133.png 300w, https:\/\/projetos.devmarcusoliveira.com.br\/lojaveloshop\/wp-content\/uploads\/2025\/08\/Os-Melhores-Precos-Em-Bicicletas-Patins-Patinetes-do-Meio-Online-768x341.png 768w, https:\/\/projetos.devmarcusoliveira.com.br\/lojaveloshop\/wp-content\/uploads\/2025\/08\/Os-Melhores-Precos-Em-Bicicletas-Patins-Patinetes-do-Meio-Online-600x267.png 600w, https:\/\/projetos.devmarcusoliveira.com.br\/lojaveloshop\/wp-content\/uploads\/2025\/08\/Os-Melhores-Precos-Em-Bicicletas-Patins-Patinetes-do-Meio-Online-64x28.png 64w\" sizes=\"(max-width: 900px) 100vw, 900px\" \/>\t\t\t\t\t\t\t\t<\/a>\n\t\t\t\t\t\t\t\t\t\t\t\t\t\t\t<\/div>\n\t\t\t\t<\/div>\n\t\t<div class=\"elementor-element elementor-element-d83a15a e-con-full elementor-hidden-desktop e-flex e-con e-parent\" data-id=\"d83a15a\" data-element_type=\"container\" data-e-type=\"container\">\n\t\t\t\t<div class=\"elementor-element elementor-element-5409967 elementor-widget elementor-widget-image\" data-id=\"5409967\" data-element_type=\"widget\" data-e-type=\"widget\" data-widget_type=\"image.default\">\n\t\t\t\t\t\t\t\t\t\t\t\t\t\t\t<img decoding=\"async\" width=\"1080\" height=\"1000\" src=\"https:\/\/projetos.devmarcusoliveira.com.br\/lojaveloshop\/wp-content\/uploads\/2025\/08\/Texto-do-seu-paragrafo.png\" class=\"attachment-full size-full wp-image-916\" alt=\"\" srcset=\"https:\/\/projetos.devmarcusoliveira.com.br\/lojaveloshop\/wp-content\/uploads\/2025\/08\/Texto-do-seu-paragrafo.png 1080w, https:\/\/projetos.devmarcusoliveira.com.br\/lojaveloshop\/wp-content\/uploads\/2025\/08\/Texto-do-seu-paragrafo-300x278.png 300w, https:\/\/projetos.devmarcusoliveira.com.br\/lojaveloshop\/wp-content\/uploads\/2025\/08\/Texto-do-seu-paragrafo-1024x948.png 1024w, https:\/\/projetos.devmarcusoliveira.com.br\/lojaveloshop\/wp-content\/uploads\/2025\/08\/Texto-do-seu-paragrafo-768x711.png 768w, https:\/\/projetos.devmarcusoliveira.com.br\/lojaveloshop\/wp-content\/uploads\/2025\/08\/Texto-do-seu-paragrafo-600x556.png 600w, https:\/\/projetos.devmarcusoliveira.com.br\/lojaveloshop\/wp-content\/uploads\/2025\/08\/Texto-do-seu-paragrafo-64x59.png 64w\" sizes=\"(max-width: 1080px) 100vw, 1080px\" \/>\t\t\t\t\t\t\t\t\t\t\t\t\t\t\t<\/div>\n\t\t\t\t<\/div>\n\t\t<div class=\"elementor-element elementor-element-24f021c e-con-full e-flex e-con e-parent\" data-id=\"24f021c\" data-element_type=\"container\" data-e-type=\"container\">\n\t\t\t\t<div class=\"elementor-element elementor-element-952b716 elementor-widget elementor-widget-heading\" data-id=\"952b716\" data-element_type=\"widget\" data-e-type=\"widget\" data-widget_type=\"heading.default\">\n\t\t\t\t\t<h2 class=\"elementor-heading-title elementor-size-default\">Bicicletas<\/h2>\t\t\t\t<\/div>\n\t\t\t\t<\/div>\n\t\t<div class=\"elementor-element elementor-element-edfeb5a e-con-full e-flex e-con e-parent\" data-id=\"edfeb5a\" data-element_type=\"container\" data-e-type=\"container\">\n\t\t\t\t<div class=\"elementor-element elementor-element-5ce61f1 elementor-widget elementor-widget-shopengine-filterable-product-list\" data-id=\"5ce61f1\" data-element_type=\"widget\" data-e-type=\"widget\" data-widget_type=\"shopengine-filterable-product-list.default\">\n\t\t\t\t\t<div class=\"shopengine shopengine-widget\"><\/div>\t\t\t\t<\/div>\n\t\t\t\t<div class=\"elementor-element elementor-element-03557ff elementor-align-justify elementor-widget elementor-widget-button\" data-id=\"03557ff\" data-element_type=\"widget\" data-e-type=\"widget\" data-widget_type=\"button.default\">\n\t\t\t\t\t\t\t\t\t\t<a class=\"elementor-button elementor-button-link elementor-size-sm\" href=\"https:\/\/projetos.devmarcusoliveira.com.br\/lojaveloshop\/categoria-produto\/bicicleta\/\">\n\t\t\t\t\t\t<span class=\"elementor-button-content-wrapper\">\n\t\t\t\t\t\t\t\t\t<span class=\"elementor-button-text\">Ver Mais Bicicletas<\/span>\n\t\t\t\t\t<\/span>\n\t\t\t\t\t<\/a>\n\t\t\t\t\t\t\t\t<\/div>\n\t\t\t\t<\/div>\n\t\t<div class=\"elementor-element elementor-element-d8cb833 e-flex e-con-boxed e-con e-parent\" data-id=\"d8cb833\" data-element_type=\"container\" data-e-type=\"container\">\n\t\t\t\t\t<div class=\"e-con-inner\">\n\t\t\t\t<div class=\"elementor-element elementor-element-af0294b elementor-widget elementor-widget-heading\" data-id=\"af0294b\" data-element_type=\"widget\" data-e-type=\"widget\" data-widget_type=\"heading.default\">\n\t\t\t\t\t<h2 class=\"elementor-heading-title elementor-size-default\">Skates<\/h2>\t\t\t\t<\/div>\n\t\t\t\t\t<\/div>\n\t\t\t\t<\/div>\n\t\t<div class=\"elementor-element elementor-element-bf385ba e-con-full e-flex e-con e-parent\" data-id=\"bf385ba\" data-element_type=\"container\" data-e-type=\"container\">\n\t\t\t\t<div class=\"elementor-element elementor-element-e5cb338 elementor-widget elementor-widget-shopengine-product-list\" data-id=\"e5cb338\" data-element_type=\"widget\" data-e-type=\"widget\" data-settings=\"{&quot;show_product_hover_overlay&quot;:&quot;yes&quot;,&quot;product_hover_overlay_position&quot;:&quot;bottom&quot;}\" data-widget_type=\"shopengine-product-list.default\">\n\t\t\t\t\t<div class=\"shopengine shopengine-widget\"><\/div>\t\t\t\t<\/div>\n\t\t\t\t<div class=\"elementor-element elementor-element-e348ecd elementor-align-justify elementor-widget elementor-widget-button\" data-id=\"e348ecd\" data-element_type=\"widget\" data-e-type=\"widget\" data-widget_type=\"button.default\">\n\t\t\t\t\t\t\t\t\t\t<a class=\"elementor-button elementor-button-link elementor-size-sm\" href=\"https:\/\/projetos.devmarcusoliveira.com.br\/lojaveloshop\/categoria-produto\/skate\/\">\n\t\t\t\t\t\t<span class=\"elementor-button-content-wrapper\">\n\t\t\t\t\t\t\t\t\t<span class=\"elementor-button-text\">Ver Mais Skates<\/span>\n\t\t\t\t\t<\/span>\n\t\t\t\t\t<\/a>\n\t\t\t\t\t\t\t\t<\/div>\n\t\t\t\t<\/div>\n\t\t<div class=\"elementor-element elementor-element-a9b3d86 e-flex e-con-boxed e-con e-parent\" data-id=\"a9b3d86\" data-element_type=\"container\" data-e-type=\"container\">\n\t\t\t\t\t<div class=\"e-con-inner\">\n\t\t\t\t<div class=\"elementor-element elementor-element-77fc696 elementor-widget elementor-widget-heading\" data-id=\"77fc696\" data-element_type=\"widget\" data-e-type=\"widget\" data-widget_type=\"heading.default\">\n\t\t\t\t\t<h2 class=\"elementor-heading-title elementor-size-default\">Patinetes<\/h2>\t\t\t\t<\/div>\n\t\t\t\t\t<\/div>\n\t\t\t\t<\/div>\n\t\t<div class=\"elementor-element elementor-element-117d308 e-con-full e-flex e-con e-parent\" data-id=\"117d308\" data-element_type=\"container\" data-e-type=\"container\">\n\t\t\t\t<div class=\"elementor-element elementor-element-4bbb8f0 elementor-widget elementor-widget-shopengine-product-list\" data-id=\"4bbb8f0\" data-element_type=\"widget\" data-e-type=\"widget\" data-settings=\"{&quot;show_product_hover_overlay&quot;:&quot;yes&quot;,&quot;product_hover_overlay_position&quot;:&quot;bottom&quot;}\" data-widget_type=\"shopengine-product-list.default\">\n\t\t\t\t\t<div class=\"shopengine shopengine-widget\"><\/div>\t\t\t\t<\/div>\n\t\t\t\t<div class=\"elementor-element elementor-element-66e1949 elementor-align-justify elementor-widget elementor-widget-button\" data-id=\"66e1949\" data-element_type=\"widget\" data-e-type=\"widget\" data-widget_type=\"button.default\">\n\t\t\t\t\t\t\t\t\t\t<a class=\"elementor-button elementor-button-link elementor-size-sm\" href=\"https:\/\/projetos.devmarcusoliveira.com.br\/lojaveloshop\/categoria-produto\/patinete\/\">\n\t\t\t\t\t\t<span class=\"elementor-button-content-wrapper\">\n\t\t\t\t\t\t\t\t\t<span class=\"elementor-button-text\">Ver Mais Patinetes<\/span>\n\t\t\t\t\t<\/span>\n\t\t\t\t\t<\/a>\n\t\t\t\t\t\t\t\t<\/div>\n\t\t\t\t<\/div>\n\t\t<div class=\"elementor-element elementor-element-948ad96 e-flex e-con-boxed e-con e-parent\" data-id=\"948ad96\" data-element_type=\"container\" data-e-type=\"container\">\n\t\t\t\t\t<div class=\"e-con-inner\">\n\t\t\t\t<div class=\"elementor-element elementor-element-8f9bad6 elementor-widget elementor-widget-heading\" data-id=\"8f9bad6\" data-element_type=\"widget\" data-e-type=\"widget\" data-widget_type=\"heading.default\">\n\t\t\t\t\t<h2 class=\"elementor-heading-title elementor-size-default\">Patins<\/h2>\t\t\t\t<\/div>\n\t\t\t\t\t<\/div>\n\t\t\t\t<\/div>\n\t\t<div class=\"elementor-element elementor-element-f8bbd48 e-con-full e-flex e-con e-parent\" data-id=\"f8bbd48\" data-element_type=\"container\" data-e-type=\"container\">\n\t\t\t\t<div class=\"elementor-element elementor-element-7061d97 elementor-widget elementor-widget-shopengine-product-list\" data-id=\"7061d97\" data-element_type=\"widget\" data-e-type=\"widget\" data-settings=\"{&quot;show_product_hover_overlay&quot;:&quot;yes&quot;,&quot;product_hover_overlay_position&quot;:&quot;bottom&quot;}\" data-widget_type=\"shopengine-product-list.default\">\n\t\t\t\t\t<div class=\"shopengine shopengine-widget\"><\/div>\t\t\t\t<\/div>\n\t\t\t\t<div class=\"elementor-element elementor-element-edaad0c elementor-align-justify elementor-widget elementor-widget-button\" data-id=\"edaad0c\" data-element_type=\"widget\" data-e-type=\"widget\" data-widget_type=\"button.default\">\n\t\t\t\t\t\t\t\t\t\t<a class=\"elementor-button elementor-button-link elementor-size-sm\" href=\"https:\/\/projetos.devmarcusoliveira.com.br\/lojaveloshop\/categoria-produto\/patins\/\">\n\t\t\t\t\t\t<span class=\"elementor-button-content-wrapper\">\n\t\t\t\t\t\t\t\t\t<span class=\"elementor-button-text\">Ver Mais Patins<\/span>\n\t\t\t\t\t<\/span>\n\t\t\t\t\t<\/a>\n\t\t\t\t\t\t\t\t<\/div>\n\t\t\t\t<\/div>\n\t\t<div class=\"elementor-element elementor-element-38ca355 e-con-full e-flex e-con e-parent\" data-id=\"38ca355\" data-element_type=\"container\" data-e-type=\"container\">\n\t\t\t\t<div class=\"elementor-element elementor-element-dc1ee85 elementor-widget elementor-widget-heading\" data-id=\"dc1ee85\" data-element_type=\"widget\" data-e-type=\"widget\" data-widget_type=\"heading.default\">\n\t\t\t\t\t<h2 class=\"elementor-heading-title elementor-size-default\">Quem Somos<\/h2>\t\t\t\t<\/div>\n\t\t\t\t<\/div>\n\t\t<div class=\"elementor-element elementor-element-dc322d2 e-con-full e-flex e-con e-parent\" data-id=\"dc322d2\" data-element_type=\"container\" data-e-type=\"container\">\n\t\t<div class=\"elementor-element elementor-element-a63272a e-con-full e-flex e-con e-child\" data-id=\"a63272a\" data-element_type=\"container\" data-e-type=\"container\">\n\t\t\t\t<div class=\"elementor-element elementor-element-c37d586 elementor-widget__width-initial elementor-widget elementor-widget-image\" data-id=\"c37d586\" data-element_type=\"widget\" data-e-type=\"widget\" data-widget_type=\"image.default\">\n\t\t\t\t\t\t\t\t\t\t\t\t\t\t\t<img decoding=\"async\" width=\"1828\" height=\"2560\" src=\"https:\/\/projetos.devmarcusoliveira.com.br\/lojaveloshop\/wp-content\/uploads\/2025\/08\/close-up-labor-union-member-scaled.jpg\" class=\"attachment-full size-full wp-image-340\" alt=\"\" srcset=\"https:\/\/projetos.devmarcusoliveira.com.br\/lojaveloshop\/wp-content\/uploads\/2025\/08\/close-up-labor-union-member-scaled.jpg 1828w, https:\/\/projetos.devmarcusoliveira.com.br\/lojaveloshop\/wp-content\/uploads\/2025\/08\/close-up-labor-union-member-214x300.jpg 214w, https:\/\/projetos.devmarcusoliveira.com.br\/lojaveloshop\/wp-content\/uploads\/2025\/08\/close-up-labor-union-member-731x1024.jpg 731w, https:\/\/projetos.devmarcusoliveira.com.br\/lojaveloshop\/wp-content\/uploads\/2025\/08\/close-up-labor-union-member-768x1075.jpg 768w, https:\/\/projetos.devmarcusoliveira.com.br\/lojaveloshop\/wp-content\/uploads\/2025\/08\/close-up-labor-union-member-1097x1536.jpg 1097w, https:\/\/projetos.devmarcusoliveira.com.br\/lojaveloshop\/wp-content\/uploads\/2025\/08\/close-up-labor-union-member-1463x2048.jpg 1463w, https:\/\/projetos.devmarcusoliveira.com.br\/lojaveloshop\/wp-content\/uploads\/2025\/08\/close-up-labor-union-member-600x840.jpg 600w, https:\/\/projetos.devmarcusoliveira.com.br\/lojaveloshop\/wp-content\/uploads\/2025\/08\/close-up-labor-union-member-64x90.jpg 64w\" sizes=\"(max-width: 1828px) 100vw, 1828px\" \/>\t\t\t\t\t\t\t\t\t\t\t\t\t\t\t<\/div>\n\t\t\t\t<\/div>\n\t\t<div class=\"elementor-element elementor-element-9164bdd e-con-full e-flex e-con e-child\" data-id=\"9164bdd\" data-element_type=\"container\" data-e-type=\"container\">\n\t\t\t\t<div class=\"elementor-element elementor-element-a83b36c elementor-widget elementor-widget-text-editor\" data-id=\"a83b36c\" data-element_type=\"widget\" data-e-type=\"widget\" data-widget_type=\"text-editor.default\">\n\t\t\t\t\t\t\t\t\t<p><strong>Arnaldo Saldanha e a VeloShop<\/strong><\/p><p>Arnaldo Saldanha, o nome por tr\u00e1s da VeloShop, \u00e9 a prova viva de que a paix\u00e3o pode virar um neg\u00f3cio de sucesso. Aos 35 anos, ele carrega no olhar a determina\u00e7\u00e3o de quem trocou as paisagens tranquilas de Pato Branco, no Paran\u00e1, pela selva de pedra de S\u00e3o Paulo, h\u00e1 uma d\u00e9cada. Chegou na metr\u00f3pole com um sonho: criar um espa\u00e7o onde a mobilidade urbana se encontrasse com a liberdade e a divers\u00e3o.<\/p><p>Esse sonho se materializou na VeloShop, uma loja online que completa 10 anos e j\u00e1 atendeu mais de 8 mil clientes. Para Arnaldo, cada um desses clientes n\u00e3o \u00e9 apenas uma venda, mas um parceiro que compartilha a mesma vis\u00e3o: a de que \u00e9 poss\u00edvel se locomover de forma mais sustent\u00e1vel, \u00e1gil e prazerosa, seja sobre duas rodas, uma prancha ou quatro patins.<\/p><p>Arnaldo \u00e9 um empreendedor que pedala junto com seu neg\u00f3cio. Sua dedica\u00e7\u00e3o e conhecimento de cada item no cat\u00e1logo, de bicicletas a patinetes, s\u00e3o o motor da VeloShop. Ele n\u00e3o apenas vende produtos, mas promove um estilo de vida que reflete sua pr\u00f3pria jornada: sair do interior e conquistar a cidade, um pedal por vez.<\/p>\t\t\t\t\t\t\t\t<\/div>\n\t\t\t\t<div class=\"elementor-element elementor-element-0086aa2 elementor-tablet-align-center elementor-widget elementor-widget-button\" data-id=\"0086aa2\" data-element_type=\"widget\" data-e-type=\"widget\" data-widget_type=\"button.default\">\n\t\t\t\t\t\t\t\t\t\t<a class=\"elementor-button elementor-button-link elementor-size-sm\" href=\"https:\/\/projetos.devmarcusoliveira.com.br\/lojaveloshop\/sobre-nos\/\">\n\t\t\t\t\t\t<span class=\"elementor-button-content-wrapper\">\n\t\t\t\t\t\t<span class=\"elementor-button-icon\">\n\t\t\t\t<svg aria-hidden=\"true\" class=\"e-font-icon-svg e-fas-arrow-right\" viewBox=\"0 0 448 512\" xmlns=\"http:\/\/www.w3.org\/2000\/svg\"><path d=\"M190.5 66.9l22.2-22.2c9.4-9.4 24.6-9.4 33.9 0L441 239c9.4 9.4 9.4 24.6 0 33.9L246.6 467.3c-9.4 9.4-24.6 9.4-33.9 0l-22.2-22.2c-9.5-9.5-9.3-25 .4-34.3L311.4 296H24c-13.3 0-24-10.7-24-24v-32c0-13.3 10.7-24 24-24h287.4L190.9 101.2c-9.8-9.3-10-24.8-.4-34.3z\"><\/path><\/svg>\t\t\t<\/span>\n\t\t\t\t\t\t\t\t\t<span class=\"elementor-button-text\">Saiba Mais Sobre a VeloShop e Arnaldo Saldanha<\/span>\n\t\t\t\t\t<\/span>\n\t\t\t\t\t<\/a>\n\t\t\t\t\t\t\t\t<\/div>\n\t\t\t\t<\/div>\n\t\t\t\t<\/div>\n\t\t\t\t<\/div>\n\t\t","protected":false},"excerpt":{"rendered":"<p>Bicicletas Bicicletas Bicicleta Bicicleta Azul Marca Crupi DX-9100 Cor Azul e Preta &#82;&#36;&nbsp;1.289,00 -5% Bicicletas Sale! Bicicleta Bicicleta Crupi 18 Marchas Cor Preta e Vermelha &#82;&#36;&nbsp;1.458,90 O pre\u00e7o original era: &#082;&#036;&nbsp;1.458,90.&#82;&#36;&nbsp;1.380,00O pre\u00e7o atual \u00e9: &#082;&#036;&nbsp;1.380,00. Bicicletas Bicicleta Bicicleta Esportiva 18 Marchas Cor Preta e Cinza &#8211; Marca TRE &#82;&#36;&nbsp;5.895,90 -4% Bicicletas Sale! Bicicleta Bike Profissional [&hellip;]<\/p>\n","protected":false},"author":1,"featured_media":0,"parent":0,"menu_order":0,"comment_status":"closed","ping_status":"closed","template":"elementor_header_footer","meta":{"footnotes":""},"class_list":["post-100","page","type-page","status-publish","hentry"],"_links":{"self":[{"href":"https:\/\/projetos.devmarcusoliveira.com.br\/lojaveloshop\/wp-json\/wp\/v2\/pages\/100","targetHints":{"allow":["GET"]}}],"collection":[{"href":"https:\/\/projetos.devmarcusoliveira.com.br\/lojaveloshop\/wp-json\/wp\/v2\/pages"}],"about":[{"href":"https:\/\/projetos.devmarcusoliveira.com.br\/lojaveloshop\/wp-json\/wp\/v2\/types\/page"}],"author":[{"embeddable":true,"href":"https:\/\/projetos.devmarcusoliveira.com.br\/lojaveloshop\/wp-json\/wp\/v2\/users\/1"}],"replies":[{"embeddable":true,"href":"https:\/\/projetos.devmarcusoliveira.com.br\/lojaveloshop\/wp-json\/wp\/v2\/comments?post=100"}],"version-history":[{"count":169,"href":"https:\/\/projetos.devmarcusoliveira.com.br\/lojaveloshop\/wp-json\/wp\/v2\/pages\/100\/revisions"}],"predecessor-version":[{"id":1001,"href":"https:\/\/projetos.devmarcusoliveira.com.br\/lojaveloshop\/wp-json\/wp\/v2\/pages\/100\/revisions\/1001"}],"wp:attachment":[{"href":"https:\/\/projetos.devmarcusoliveira.com.br\/lojaveloshop\/wp-json\/wp\/v2\/media?parent=100"}],"curies":[{"name":"wp","href":"https:\/\/api.w.org\/{rel}","templated":true}]}}