{"id":222,"date":"2025-06-17T09:22:04","date_gmt":"2025-06-17T12:22:04","guid":{"rendered":"http:\/\/helenacloset.local\/?page_id=222"},"modified":"2025-09-01T16:31:31","modified_gmt":"2025-09-01T19:31:31","slug":"inicio","status":"publish","type":"page","link":"https:\/\/projetos.devmarcusoliveira.com.br\/lojapetalarosa\/","title":{"rendered":"In\u00edcio"},"content":{"rendered":"\t\t<div data-elementor-type=\"wp-page\" data-elementor-id=\"222\" class=\"elementor elementor-222\">\n\t\t\t\t<div class=\"elementor-element elementor-element-dd69ad1 e-con-full e-flex e-con e-parent\" data-id=\"dd69ad1\" data-element_type=\"container\" data-e-type=\"container\" data-settings=\"{&quot;background_background&quot;:&quot;classic&quot;}\">\n\t\t\t\t<\/div>\n\t\t<div class=\"elementor-element elementor-element-ed93033 e-grid e-con-boxed e-con e-parent\" data-id=\"ed93033\" data-element_type=\"container\" data-e-type=\"container\">\n\t\t\t\t\t<div class=\"e-con-inner\">\n\t\t\t\t<div class=\"elementor-element elementor-element-736e9aa elementor-widget elementor-widget-image\" data-id=\"736e9aa\" data-element_type=\"widget\" data-e-type=\"widget\" data-settings=\"{&quot;_animation&quot;:&quot;none&quot;}\" data-widget_type=\"image.default\">\n\t\t\t\t<div class=\"elementor-widget-container\">\n\t\t\t\t\t\t\t\t\t\t\t\t\t\t\t\t<a href=\"https:\/\/projetos.devmarcusoliveira.com.br\/lojapetalarosa\/categoria-produto\/blazers\/\">\n\t\t\t\t\t\t\t<img fetchpriority=\"high\" decoding=\"async\" width=\"1080\" height=\"1920\" src=\"https:\/\/projetos.devmarcusoliveira.com.br\/lojapetalarosa\/wp-content\/uploads\/2025\/06\/blazers.webp\" class=\"elementor-animation-grow attachment-full size-full wp-image-556\" alt=\"\" srcset=\"https:\/\/projetos.devmarcusoliveira.com.br\/lojapetalarosa\/wp-content\/uploads\/2025\/06\/blazers.webp 1080w, https:\/\/projetos.devmarcusoliveira.com.br\/lojapetalarosa\/wp-content\/uploads\/2025\/06\/blazers-600x1067.webp 600w, https:\/\/projetos.devmarcusoliveira.com.br\/lojapetalarosa\/wp-content\/uploads\/2025\/06\/blazers-64x114.webp 64w, https:\/\/projetos.devmarcusoliveira.com.br\/lojapetalarosa\/wp-content\/uploads\/2025\/06\/blazers-169x300.webp 169w, https:\/\/projetos.devmarcusoliveira.com.br\/lojapetalarosa\/wp-content\/uploads\/2025\/06\/blazers-576x1024.webp 576w, https:\/\/projetos.devmarcusoliveira.com.br\/lojapetalarosa\/wp-content\/uploads\/2025\/06\/blazers-768x1365.webp 768w, https:\/\/projetos.devmarcusoliveira.com.br\/lojapetalarosa\/wp-content\/uploads\/2025\/06\/blazers-864x1536.webp 864w\" sizes=\"(max-width: 1080px) 100vw, 1080px\" \/>\t\t\t\t\t\t\t\t<\/a>\n\t\t\t\t\t\t\t\t\t\t\t\t\t\t\t<\/div>\n\t\t\t\t<\/div>\n\t\t\t\t<div class=\"elementor-element elementor-element-bc30c23 elementor-widget elementor-widget-image\" data-id=\"bc30c23\" data-element_type=\"widget\" data-e-type=\"widget\" data-widget_type=\"image.default\">\n\t\t\t\t<div class=\"elementor-widget-container\">\n\t\t\t\t\t\t\t\t\t\t\t\t\t\t\t\t<a href=\"https:\/\/projetos.devmarcusoliveira.com.br\/lojapetalarosa\/categoria-produto\/vestidos\/\">\n\t\t\t\t\t\t\t<img decoding=\"async\" width=\"1080\" height=\"1920\" src=\"https:\/\/projetos.devmarcusoliveira.com.br\/lojapetalarosa\/wp-content\/uploads\/2025\/06\/vestido.webp\" class=\"elementor-animation-grow attachment-full size-full wp-image-559\" alt=\"\" srcset=\"https:\/\/projetos.devmarcusoliveira.com.br\/lojapetalarosa\/wp-content\/uploads\/2025\/06\/vestido.webp 1080w, https:\/\/projetos.devmarcusoliveira.com.br\/lojapetalarosa\/wp-content\/uploads\/2025\/06\/vestido-600x1067.webp 600w, https:\/\/projetos.devmarcusoliveira.com.br\/lojapetalarosa\/wp-content\/uploads\/2025\/06\/vestido-64x114.webp 64w, https:\/\/projetos.devmarcusoliveira.com.br\/lojapetalarosa\/wp-content\/uploads\/2025\/06\/vestido-169x300.webp 169w, https:\/\/projetos.devmarcusoliveira.com.br\/lojapetalarosa\/wp-content\/uploads\/2025\/06\/vestido-576x1024.webp 576w, https:\/\/projetos.devmarcusoliveira.com.br\/lojapetalarosa\/wp-content\/uploads\/2025\/06\/vestido-768x1365.webp 768w, https:\/\/projetos.devmarcusoliveira.com.br\/lojapetalarosa\/wp-content\/uploads\/2025\/06\/vestido-864x1536.webp 864w\" sizes=\"(max-width: 1080px) 100vw, 1080px\" \/>\t\t\t\t\t\t\t\t<\/a>\n\t\t\t\t\t\t\t\t\t\t\t\t\t\t\t<\/div>\n\t\t\t\t<\/div>\n\t\t\t\t<div class=\"elementor-element elementor-element-439e1a2 elementor-widget elementor-widget-image\" data-id=\"439e1a2\" data-element_type=\"widget\" data-e-type=\"widget\" data-widget_type=\"image.default\">\n\t\t\t\t<div class=\"elementor-widget-container\">\n\t\t\t\t\t\t\t\t\t\t\t\t\t\t\t\t<a href=\"https:\/\/projetos.devmarcusoliveira.com.br\/lojapetalarosa\/categoria-produto\/calcas\/\">\n\t\t\t\t\t\t\t<img decoding=\"async\" width=\"1080\" height=\"1920\" src=\"https:\/\/projetos.devmarcusoliveira.com.br\/lojapetalarosa\/wp-content\/uploads\/2025\/06\/calca.webp\" class=\"elementor-animation-grow attachment-full size-full wp-image-558\" alt=\"\" srcset=\"https:\/\/projetos.devmarcusoliveira.com.br\/lojapetalarosa\/wp-content\/uploads\/2025\/06\/calca.webp 1080w, https:\/\/projetos.devmarcusoliveira.com.br\/lojapetalarosa\/wp-content\/uploads\/2025\/06\/calca-600x1067.webp 600w, https:\/\/projetos.devmarcusoliveira.com.br\/lojapetalarosa\/wp-content\/uploads\/2025\/06\/calca-64x114.webp 64w, https:\/\/projetos.devmarcusoliveira.com.br\/lojapetalarosa\/wp-content\/uploads\/2025\/06\/calca-169x300.webp 169w, https:\/\/projetos.devmarcusoliveira.com.br\/lojapetalarosa\/wp-content\/uploads\/2025\/06\/calca-576x1024.webp 576w, https:\/\/projetos.devmarcusoliveira.com.br\/lojapetalarosa\/wp-content\/uploads\/2025\/06\/calca-768x1365.webp 768w, https:\/\/projetos.devmarcusoliveira.com.br\/lojapetalarosa\/wp-content\/uploads\/2025\/06\/calca-864x1536.webp 864w\" sizes=\"(max-width: 1080px) 100vw, 1080px\" \/>\t\t\t\t\t\t\t\t<\/a>\n\t\t\t\t\t\t\t\t\t\t\t\t\t\t\t<\/div>\n\t\t\t\t<\/div>\n\t\t\t\t<div class=\"elementor-element elementor-element-ebce7cb elementor-widget elementor-widget-image\" data-id=\"ebce7cb\" data-element_type=\"widget\" data-e-type=\"widget\" data-widget_type=\"image.default\">\n\t\t\t\t<div class=\"elementor-widget-container\">\n\t\t\t\t\t\t\t\t\t\t\t\t\t\t\t\t<a href=\"https:\/\/projetos.devmarcusoliveira.com.br\/lojapetalarosa\/categoria-produto\/camisas\/\">\n\t\t\t\t\t\t\t<img loading=\"lazy\" decoding=\"async\" width=\"1080\" height=\"1920\" src=\"https:\/\/projetos.devmarcusoliveira.com.br\/lojapetalarosa\/wp-content\/uploads\/2025\/06\/alfaiataria.webp\" class=\"elementor-animation-grow attachment-full size-full wp-image-557\" alt=\"\" srcset=\"https:\/\/projetos.devmarcusoliveira.com.br\/lojapetalarosa\/wp-content\/uploads\/2025\/06\/alfaiataria.webp 1080w, https:\/\/projetos.devmarcusoliveira.com.br\/lojapetalarosa\/wp-content\/uploads\/2025\/06\/alfaiataria-600x1067.webp 600w, https:\/\/projetos.devmarcusoliveira.com.br\/lojapetalarosa\/wp-content\/uploads\/2025\/06\/alfaiataria-64x114.webp 64w, https:\/\/projetos.devmarcusoliveira.com.br\/lojapetalarosa\/wp-content\/uploads\/2025\/06\/alfaiataria-169x300.webp 169w, https:\/\/projetos.devmarcusoliveira.com.br\/lojapetalarosa\/wp-content\/uploads\/2025\/06\/alfaiataria-576x1024.webp 576w, https:\/\/projetos.devmarcusoliveira.com.br\/lojapetalarosa\/wp-content\/uploads\/2025\/06\/alfaiataria-768x1365.webp 768w, https:\/\/projetos.devmarcusoliveira.com.br\/lojapetalarosa\/wp-content\/uploads\/2025\/06\/alfaiataria-864x1536.webp 864w\" sizes=\"(max-width: 1080px) 100vw, 1080px\" \/>\t\t\t\t\t\t\t\t<\/a>\n\t\t\t\t\t\t\t\t\t\t\t\t\t\t\t<\/div>\n\t\t\t\t<\/div>\n\t\t\t\t\t<\/div>\n\t\t\t\t<\/div>\n\t\t<div class=\"elementor-element elementor-element-ecb4791 e-con-full e-flex e-con e-parent\" data-id=\"ecb4791\" data-element_type=\"container\" data-e-type=\"container\">\n\t\t<div class=\"elementor-element elementor-element-d08b046 e-flex e-con-boxed e-con e-child\" data-id=\"d08b046\" data-element_type=\"container\" data-e-type=\"container\">\n\t\t\t\t\t<div class=\"e-con-inner\">\n\t\t\t\t<div class=\"elementor-element elementor-element-4cb62b7 elementor-widget elementor-widget-heading\" data-id=\"4cb62b7\" data-element_type=\"widget\" data-e-type=\"widget\" data-widget_type=\"heading.default\">\n\t\t\t\t<div class=\"elementor-widget-container\">\n\t\t\t\t\t<h2 class=\"elementor-heading-title elementor-size-default\">Destaques<\/h2>\t\t\t\t<\/div>\n\t\t\t\t<\/div>\n\t\t\t\t<div class=\"elementor-element elementor-element-a27481d elementor-widget elementor-widget-shopengine-filterable-product-list\" data-id=\"a27481d\" data-element_type=\"widget\" data-e-type=\"widget\" data-widget_type=\"shopengine-filterable-product-list.default\">\n\t\t\t\t<div class=\"elementor-widget-container\">\n\t\t\t\t\t<div class=\"shopengine shopengine-widget\"><\/div>\t\t\t\t<\/div>\n\t\t\t\t<\/div>\n\t\t\t\t<div class=\"elementor-element elementor-element-0df35fa elementor-align-center elementor-widget elementor-widget-button\" data-id=\"0df35fa\" data-element_type=\"widget\" data-e-type=\"widget\" data-widget_type=\"button.default\">\n\t\t\t\t<div class=\"elementor-widget-container\">\n\t\t\t\t\t\t\t\t\t<div class=\"elementor-button-wrapper\">\n\t\t\t\t\t<a class=\"elementor-button elementor-button-link elementor-size-sm elementor-animation-grow\" href=\"https:\/\/projetos.devmarcusoliveira.com.br\/lojapetalarosa\/categoria-produto\/destaques\/\">\n\t\t\t\t\t\t<span class=\"elementor-button-content-wrapper\">\n\t\t\t\t\t\t\t\t\t<span class=\"elementor-button-text\">Ver Todos os Destaques<\/span>\n\t\t\t\t\t<\/span>\n\t\t\t\t\t<\/a>\n\t\t\t\t<\/div>\n\t\t\t\t\t\t\t\t<\/div>\n\t\t\t\t<\/div>\n\t\t\t\t\t<\/div>\n\t\t\t\t<\/div>\n\t\t<div class=\"elementor-element elementor-element-746eaac e-flex e-con-boxed e-con e-child\" data-id=\"746eaac\" data-element_type=\"container\" data-e-type=\"container\">\n\t\t\t\t\t<div class=\"e-con-inner\">\n\t\t\t\t<div class=\"elementor-element elementor-element-c1f85cc elementor-widget elementor-widget-heading\" data-id=\"c1f85cc\" data-element_type=\"widget\" data-e-type=\"widget\" data-widget_type=\"heading.default\">\n\t\t\t\t<div class=\"elementor-widget-container\">\n\t\t\t\t\t<h2 class=\"elementor-heading-title elementor-size-default\">Nova Cole\u00e7\u00e3o<\/h2>\t\t\t\t<\/div>\n\t\t\t\t<\/div>\n\t\t\t\t<div class=\"elementor-element elementor-element-d190b3e elementor-widget elementor-widget-shopengine-filterable-product-list\" data-id=\"d190b3e\" data-element_type=\"widget\" data-e-type=\"widget\" data-widget_type=\"shopengine-filterable-product-list.default\">\n\t\t\t\t<div class=\"elementor-widget-container\">\n\t\t\t\t\t<div class=\"shopengine shopengine-widget\"><\/div>\t\t\t\t<\/div>\n\t\t\t\t<\/div>\n\t\t\t\t<div class=\"elementor-element elementor-element-818e410 elementor-align-center elementor-widget elementor-widget-button\" data-id=\"818e410\" data-element_type=\"widget\" data-e-type=\"widget\" data-widget_type=\"button.default\">\n\t\t\t\t<div class=\"elementor-widget-container\">\n\t\t\t\t\t\t\t\t\t<div class=\"elementor-button-wrapper\">\n\t\t\t\t\t<a class=\"elementor-button elementor-button-link elementor-size-sm elementor-animation-grow\" href=\"https:\/\/projetos.devmarcusoliveira.com.br\/lojapetalarosa\/categoria-produto\/nova-colecao\/\">\n\t\t\t\t\t\t<span class=\"elementor-button-content-wrapper\">\n\t\t\t\t\t\t\t\t\t<span class=\"elementor-button-text\">Ver Nova Cole\u00e7\u00e3o<\/span>\n\t\t\t\t\t<\/span>\n\t\t\t\t\t<\/a>\n\t\t\t\t<\/div>\n\t\t\t\t\t\t\t\t<\/div>\n\t\t\t\t<\/div>\n\t\t\t\t\t<\/div>\n\t\t\t\t<\/div>\n\t\t\t\t<div class=\"elementor-element elementor-element-19f0e65 elementor-widget elementor-widget-heading\" data-id=\"19f0e65\" data-element_type=\"widget\" data-e-type=\"widget\" data-widget_type=\"heading.default\">\n\t\t\t\t<div class=\"elementor-widget-container\">\n\t\t\t\t\t<h2 class=\"elementor-heading-title elementor-size-default\">Vestidos<\/h2>\t\t\t\t<\/div>\n\t\t\t\t<\/div>\n\t\t\t\t<div class=\"elementor-element elementor-element-30bb46e elementor-widget elementor-widget-shopengine-filterable-product-list\" data-id=\"30bb46e\" data-element_type=\"widget\" data-e-type=\"widget\" data-widget_type=\"shopengine-filterable-product-list.default\">\n\t\t\t\t<div class=\"elementor-widget-container\">\n\t\t\t\t\t<div class=\"shopengine shopengine-widget\"><\/div>\t\t\t\t<\/div>\n\t\t\t\t<\/div>\n\t\t\t\t<div class=\"elementor-element elementor-element-29a6d88 elementor-align-center elementor-widget elementor-widget-button\" data-id=\"29a6d88\" data-element_type=\"widget\" data-e-type=\"widget\" data-widget_type=\"button.default\">\n\t\t\t\t<div class=\"elementor-widget-container\">\n\t\t\t\t\t\t\t\t\t<div class=\"elementor-button-wrapper\">\n\t\t\t\t\t<a class=\"elementor-button elementor-button-link elementor-size-sm elementor-animation-grow\" href=\"https:\/\/projetos.devmarcusoliveira.com.br\/lojapetalarosa\/categoria-produto\/vestidos\/\">\n\t\t\t\t\t\t<span class=\"elementor-button-content-wrapper\">\n\t\t\t\t\t\t\t\t\t<span class=\"elementor-button-text\">Ver Todos os Vestidos<\/span>\n\t\t\t\t\t<\/span>\n\t\t\t\t\t<\/a>\n\t\t\t\t<\/div>\n\t\t\t\t\t\t\t\t<\/div>\n\t\t\t\t<\/div>\n\t\t\t\t<\/div>\n\t\t<div class=\"elementor-element elementor-element-7caf70b e-con-full e-flex e-con e-parent\" data-id=\"7caf70b\" data-element_type=\"container\" data-e-type=\"container\" id=\"quem-somos\">\n\t\t<div class=\"elementor-element elementor-element-8f7444d e-con-full e-flex e-con e-child\" data-id=\"8f7444d\" data-element_type=\"container\" data-e-type=\"container\">\n\t\t\t\t<div class=\"elementor-element elementor-element-ae08d1c elementor-widget elementor-widget-image\" data-id=\"ae08d1c\" data-element_type=\"widget\" data-e-type=\"widget\" data-widget_type=\"image.default\">\n\t\t\t\t<div class=\"elementor-widget-container\">\n\t\t\t\t\t\t\t\t\t\t\t\t\t\t\t<img loading=\"lazy\" decoding=\"async\" width=\"1709\" height=\"2560\" src=\"https:\/\/projetos.devmarcusoliveira.com.br\/lojapetalarosa\/wp-content\/uploads\/2025\/09\/portrait-woman-with-arms-crossed-scaled.jpg\" class=\"attachment-full size-full wp-image-1448\" alt=\"\" srcset=\"https:\/\/projetos.devmarcusoliveira.com.br\/lojapetalarosa\/wp-content\/uploads\/2025\/09\/portrait-woman-with-arms-crossed-scaled.jpg 1709w, https:\/\/projetos.devmarcusoliveira.com.br\/lojapetalarosa\/wp-content\/uploads\/2025\/09\/portrait-woman-with-arms-crossed-200x300.jpg 200w, https:\/\/projetos.devmarcusoliveira.com.br\/lojapetalarosa\/wp-content\/uploads\/2025\/09\/portrait-woman-with-arms-crossed-684x1024.jpg 684w, https:\/\/projetos.devmarcusoliveira.com.br\/lojapetalarosa\/wp-content\/uploads\/2025\/09\/portrait-woman-with-arms-crossed-768x1150.jpg 768w, https:\/\/projetos.devmarcusoliveira.com.br\/lojapetalarosa\/wp-content\/uploads\/2025\/09\/portrait-woman-with-arms-crossed-1025x1536.jpg 1025w, https:\/\/projetos.devmarcusoliveira.com.br\/lojapetalarosa\/wp-content\/uploads\/2025\/09\/portrait-woman-with-arms-crossed-1367x2048.jpg 1367w, https:\/\/projetos.devmarcusoliveira.com.br\/lojapetalarosa\/wp-content\/uploads\/2025\/09\/portrait-woman-with-arms-crossed-600x899.jpg 600w, https:\/\/projetos.devmarcusoliveira.com.br\/lojapetalarosa\/wp-content\/uploads\/2025\/09\/portrait-woman-with-arms-crossed-64x96.jpg 64w\" sizes=\"(max-width: 1709px) 100vw, 1709px\" \/>\t\t\t\t\t\t\t\t\t\t\t\t\t\t\t<\/div>\n\t\t\t\t<\/div>\n\t\t\t\t<\/div>\n\t\t<div class=\"elementor-element elementor-element-29f85e6 e-con-full e-flex e-con e-child\" data-id=\"29f85e6\" data-element_type=\"container\" data-e-type=\"container\">\n\t\t\t\t<div class=\"elementor-element elementor-element-ad748a0 elementor-widget elementor-widget-heading\" data-id=\"ad748a0\" data-element_type=\"widget\" data-e-type=\"widget\" data-widget_type=\"heading.default\">\n\t\t\t\t<div class=\"elementor-widget-container\">\n\t\t\t\t\t<h2 class=\"elementor-heading-title elementor-size-default\">Conhe\u00e7a a P\u00e9tala Rosa<\/h2>\t\t\t\t<\/div>\n\t\t\t\t<\/div>\n\t\t\t\t<div class=\"elementor-element elementor-element-91e0ba0 elementor-widget elementor-widget-heading\" data-id=\"91e0ba0\" data-element_type=\"widget\" data-e-type=\"widget\" data-widget_type=\"heading.default\">\n\t\t\t\t<div class=\"elementor-widget-container\">\n\t\t\t\t\t<h2 class=\"elementor-heading-title elementor-size-default\">Seu pedacinho de estilo<\/h2>\t\t\t\t<\/div>\n\t\t\t\t<\/div>\n\t\t\t\t<div class=\"elementor-element elementor-element-793727e elementor-widget elementor-widget-text-editor\" data-id=\"793727e\" data-element_type=\"widget\" data-e-type=\"widget\" data-widget_type=\"text-editor.default\">\n\t\t\t\t<div class=\"elementor-widget-container\">\n\t\t\t\t\t\t\t\t\t<p>Ol\u00e1, queridas! Sejam bem-vindas \u00e0 P\u00e9tala Rosa, meu espa\u00e7o dedicado \u00e0 moda feminina!<\/p><p>Sou a Cidinha, idealizadora da loja, e me sinto realizada em compartilhar minha paix\u00e3o por roupas com voc\u00eas.<\/p><p>A hist\u00f3ria da P\u00e9tala Rosa come\u00e7ou com meu fasc\u00ednio pela moda desde a inf\u00e2ncia. Observava as mulheres na rua e me inspirava em seus estilos, sempre atenta \u00e0s tend\u00eancias.<\/p><p>Em 2018, realizei o sonho de ter minha pr\u00f3pria loja, oferecendo pe\u00e7as lindas, de qualidade e que real\u00e7am a beleza de cada mulher.<\/p><p>Acredito que a roupa \u00e9 express\u00e3o pessoal e cada mulher tem seu estilo \u00fanico. Por isso, ofere\u00e7o uma grande variedade de pe\u00e7as, desde cl\u00e1ssicas at\u00e9 modernas, de marcas renomadas.<\/p><p>Na P\u00e9tala Rosa, voc\u00ea encontra tudo para se sentir linda e confiante em qualquer ocasi\u00e3o.<\/p><p>Mais do que uma loja, a P\u00e9tala Rosa \u00e9 um espa\u00e7o acolhedor, onde voc\u00ea \u00e9 recebida com um sorriso e por uma equipe dedicada a te ajudar a encontrar o look perfeito.<\/p><p>Meu objetivo \u00e9 oferecer uma experi\u00eancia de compra agrad\u00e1vel e personalizada, para que voc\u00ea se sinta ainda mais maravilhosa.<\/p><p>Venha conhecer a P\u00e9tala Rosa e se encante com nosso mundo de moda e estilo!<\/p><p>Beijos,<br \/>Cidinha<\/p>\t\t\t\t\t\t\t\t<\/div>\n\t\t\t\t<\/div>\n\t\t\t\t<div class=\"elementor-element elementor-element-ff0d44c elementor-align-center elementor-widget elementor-widget-button\" data-id=\"ff0d44c\" data-element_type=\"widget\" data-e-type=\"widget\" data-widget_type=\"button.default\">\n\t\t\t\t<div class=\"elementor-widget-container\">\n\t\t\t\t\t\t\t\t\t<div class=\"elementor-button-wrapper\">\n\t\t\t\t\t<a class=\"elementor-button elementor-button-link elementor-size-sm elementor-animation-grow\" href=\"https:\/\/projetos.devmarcusoliveira.com.br\/lojapetalarosa\/sobre-nos\/\">\n\t\t\t\t\t\t<span class=\"elementor-button-content-wrapper\">\n\t\t\t\t\t\t<span class=\"elementor-button-icon\">\n\t\t\t\t<svg aria-hidden=\"true\" class=\"e-font-icon-svg e-far-arrow-alt-circle-right\" viewBox=\"0 0 512 512\" xmlns=\"http:\/\/www.w3.org\/2000\/svg\"><path d=\"M504 256C504 119 393 8 256 8S8 119 8 256s111 248 248 248 248-111 248-248zm-448 0c0-110.5 89.5-200 200-200s200 89.5 200 200-89.5 200-200 200S56 366.5 56 256zm72 20v-40c0-6.6 5.4-12 12-12h116v-67c0-10.7 12.9-16 20.5-8.5l99 99c4.7 4.7 4.7 12.3 0 17l-99 99c-7.6 7.6-20.5 2.2-20.5-8.5v-67H140c-6.6 0-12-5.4-12-12z\"><\/path><\/svg>\t\t\t<\/span>\n\t\t\t\t\t\t\t\t\t<span class=\"elementor-button-text\">Saiba Mais<\/span>\n\t\t\t\t\t<\/span>\n\t\t\t\t\t<\/a>\n\t\t\t\t<\/div>\n\t\t\t\t\t\t\t\t<\/div>\n\t\t\t\t<\/div>\n\t\t\t\t<\/div>\n\t\t\t\t<\/div>\n\t\t\t\t<\/div>\n\t\t","protected":false},"excerpt":{"rendered":"<p>Destaques blusa Adicionar ao carrinho Blusa de malha manga longa Avalia\u00e7\u00e3o 0 de 5(0) &#82;&#36;&nbsp;120,00 Adicionar ao carrinho blusa Adicionar ao carrinho Cropped estilo corset Avalia\u00e7\u00e3o 0 de 5(0) &#82;&#36;&nbsp;60,00 Adicionar ao carrinho -16% vestido Sale! Adicionar ao carrinho Vestido Longo Com Estampa de On\u00e7a Avalia\u00e7\u00e3o 0 de 5(0) &#82;&#36;&nbsp;89,90 O pre\u00e7o original era: &#082;&#036;&nbsp;89,90.&#82;&#36;&nbsp;75,90O [&hellip;]<\/p>\n","protected":false},"author":1,"featured_media":0,"parent":0,"menu_order":0,"comment_status":"closed","ping_status":"closed","template":"elementor_canvas","meta":{"_joinchat":[],"footnotes":""},"class_list":["post-222","page","type-page","status-publish","hentry"],"_links":{"self":[{"href":"https:\/\/projetos.devmarcusoliveira.com.br\/lojapetalarosa\/wp-json\/wp\/v2\/pages\/222","targetHints":{"allow":["GET"]}}],"collection":[{"href":"https:\/\/projetos.devmarcusoliveira.com.br\/lojapetalarosa\/wp-json\/wp\/v2\/pages"}],"about":[{"href":"https:\/\/projetos.devmarcusoliveira.com.br\/lojapetalarosa\/wp-json\/wp\/v2\/types\/page"}],"author":[{"embeddable":true,"href":"https:\/\/projetos.devmarcusoliveira.com.br\/lojapetalarosa\/wp-json\/wp\/v2\/users\/1"}],"replies":[{"embeddable":true,"href":"https:\/\/projetos.devmarcusoliveira.com.br\/lojapetalarosa\/wp-json\/wp\/v2\/comments?post=222"}],"version-history":[{"count":307,"href":"https:\/\/projetos.devmarcusoliveira.com.br\/lojapetalarosa\/wp-json\/wp\/v2\/pages\/222\/revisions"}],"predecessor-version":[{"id":1484,"href":"https:\/\/projetos.devmarcusoliveira.com.br\/lojapetalarosa\/wp-json\/wp\/v2\/pages\/222\/revisions\/1484"}],"wp:attachment":[{"href":"https:\/\/projetos.devmarcusoliveira.com.br\/lojapetalarosa\/wp-json\/wp\/v2\/media?parent=222"}],"curies":[{"name":"wp","href":"https:\/\/api.w.org\/{rel}","templated":true}]}}