{"id":94,"date":"2025-06-23T20:27:51","date_gmt":"2025-06-23T23:27:51","guid":{"rendered":"http:\/\/lojaamoreljoias.local\/?post_type=product&#038;p=94"},"modified":"2025-06-23T20:27:52","modified_gmt":"2025-06-23T23:27:52","slug":"brincos-com-laco-de-strass-design-de-perola-dourado","status":"publish","type":"product","link":"https:\/\/projetos.devmarcusoliveira.com.br\/lojaamoreljoias\/produto\/brincos-com-laco-de-strass-design-de-perola-dourado\/","title":{"rendered":"Brincos com la\u00e7o de strass &#038; design de p\u00e9rola \u2013 Dourado"},"content":{"rendered":"<p data-sourcepos=\"4:1-4:294\">Realce sua beleza com estes <strong>deslumbrantes brincos dourados<\/strong>, uma verdadeira joia que combina a delicadeza de um la\u00e7o com o brilho atemporal do strass e a sofistica\u00e7\u00e3o da p\u00e9rola. Este par \u00e9 perfeito para quem busca um acess\u00f3rio que une romantismo, glamour e um toque de feminilidade cl\u00e1ssica.<\/p>\n<p data-sourcepos=\"6:1-6:457\">Cada brinco \u00e9 cuidadosamente trabalhado em um acabamento dourado reluzente, que forma um <strong>gracioso la\u00e7o adornado com strass cintilantes<\/strong>. O brilho dos strass, estrategicamente posicionados, captura a luz de forma magn\u00edfica, criando um ponto de luz encantador ao redor do seu rosto. Pendurada delicadamente no centro do la\u00e7o, uma <strong>p\u00e9rola cl\u00e1ssica<\/strong> adiciona um toque de pura eleg\u00e2ncia e suavidade, equilibrando o brilho dos strass com sua beleza org\u00e2nica.<\/p>\n<p data-sourcepos=\"8:1-8:372\">Perfeitos para diversas ocasi\u00f5es, desde um encontro rom\u00e2ntico, um jantar especial, at\u00e9 um evento formal ou uma festa, estes brincos s\u00e3o vers\u00e1teis e charmosos. Eles complementam tanto um visual sofisticado quanto um look mais casual-chique, adicionando um toque de luxo e personalidade. Leves e confort\u00e1veis, voc\u00ea poder\u00e1 us\u00e1-los por horas, sentindo-se radiante e confiante.<\/p>\n","protected":false},"excerpt":{"rendered":"<p>Estes <strong>brincos dourados<\/strong> combinam a delicadeza de um <strong>la\u00e7o de strass cintilante<\/strong> com a eleg\u00e2ncia de uma <strong>p\u00e9rola cl\u00e1ssica<\/strong>. Ideais para adicionar um toque de brilho e sofistica\u00e7\u00e3o a qualquer look, s\u00e3o perfeitos para diversas ocasi\u00f5es.<\/p>\n","protected":false},"featured_media":95,"comment_status":"open","ping_status":"closed","template":"","meta":[],"product_brand":[],"product_cat":[19],"product_tag":[20],"class_list":{"0":"post-94","1":"product","2":"type-product","3":"status-publish","4":"has-post-thumbnail","6":"product_cat-brincos","7":"product_tag-brincos","9":"first","10":"instock","11":"taxable","12":"shipping-taxable","13":"purchasable","14":"product-type-simple"},"_links":{"self":[{"href":"https:\/\/projetos.devmarcusoliveira.com.br\/lojaamoreljoias\/wp-json\/wp\/v2\/product\/94","targetHints":{"allow":["GET"]}}],"collection":[{"href":"https:\/\/projetos.devmarcusoliveira.com.br\/lojaamoreljoias\/wp-json\/wp\/v2\/product"}],"about":[{"href":"https:\/\/projetos.devmarcusoliveira.com.br\/lojaamoreljoias\/wp-json\/wp\/v2\/types\/product"}],"replies":[{"embeddable":true,"href":"https:\/\/projetos.devmarcusoliveira.com.br\/lojaamoreljoias\/wp-json\/wp\/v2\/comments?post=94"}],"wp:featuredmedia":[{"embeddable":true,"href":"https:\/\/projetos.devmarcusoliveira.com.br\/lojaamoreljoias\/wp-json\/wp\/v2\/media\/95"}],"wp:attachment":[{"href":"https:\/\/projetos.devmarcusoliveira.com.br\/lojaamoreljoias\/wp-json\/wp\/v2\/media?parent=94"}],"wp:term":[{"taxonomy":"product_brand","embeddable":true,"href":"https:\/\/projetos.devmarcusoliveira.com.br\/lojaamoreljoias\/wp-json\/wp\/v2\/product_brand?post=94"},{"taxonomy":"product_cat","embeddable":true,"href":"https:\/\/projetos.devmarcusoliveira.com.br\/lojaamoreljoias\/wp-json\/wp\/v2\/product_cat?post=94"},{"taxonomy":"product_tag","embeddable":true,"href":"https:\/\/projetos.devmarcusoliveira.com.br\/lojaamoreljoias\/wp-json\/wp\/v2\/product_tag?post=94"}],"curies":[{"name":"wp","href":"https:\/\/api.w.org\/{rel}","templated":true}]}}