{"id":526,"date":"2025-04-06T19:18:38","date_gmt":"2025-04-06T22:18:38","guid":{"rendered":"http:\/\/igrejasantamariagoretti.local\/?page_id=526"},"modified":"2025-04-07T10:17:34","modified_gmt":"2025-04-07T13:17:34","slug":"clube-de-maes","status":"publish","type":"page","link":"https:\/\/projetos.devmarcusoliveira.com.br\/institucionalparoquiasantamariagoretti\/clube-de-maes\/","title":{"rendered":"Clube de M\u00e3es"},"content":{"rendered":"\t\t<div data-elementor-type=\"wp-page\" data-elementor-id=\"526\" class=\"elementor elementor-526\">\n\t\t\t\t<div class=\"elementor-element elementor-element-9c48df4 e-con-full e-flex e-con e-parent\" data-id=\"9c48df4\" data-element_type=\"container\" data-e-type=\"container\">\n\t\t\t\t<div class=\"elementor-element elementor-element-9e869db elementor-widget elementor-widget-image\" data-id=\"9e869db\" data-element_type=\"widget\" data-e-type=\"widget\" data-widget_type=\"image.default\">\n\t\t\t\t<div class=\"elementor-widget-container\">\n\t\t\t\t\t\t\t\t\t\t\t\t\t\t\t<img fetchpriority=\"high\" decoding=\"async\" width=\"1000\" height=\"150\" src=\"https:\/\/projetos.devmarcusoliveira.com.br\/institucionalparoquiasantamariagoretti\/wp-content\/uploads\/2025\/04\/HeaderMG3.jpg\" class=\"attachment-full size-full wp-image-404\" alt=\"\" srcset=\"https:\/\/projetos.devmarcusoliveira.com.br\/institucionalparoquiasantamariagoretti\/wp-content\/uploads\/2025\/04\/HeaderMG3.jpg 1000w, https:\/\/projetos.devmarcusoliveira.com.br\/institucionalparoquiasantamariagoretti\/wp-content\/uploads\/2025\/04\/HeaderMG3-300x45.jpg 300w, https:\/\/projetos.devmarcusoliveira.com.br\/institucionalparoquiasantamariagoretti\/wp-content\/uploads\/2025\/04\/HeaderMG3-768x115.jpg 768w\" sizes=\"(max-width: 1000px) 100vw, 1000px\" \/>\t\t\t\t\t\t\t\t\t\t\t\t\t\t\t<\/div>\n\t\t\t\t<\/div>\n\t\t\t\t<\/div>\n\t\t<div class=\"elementor-element elementor-element-8de3502 e-con-full e-flex e-con e-parent\" data-id=\"8de3502\" data-element_type=\"container\" data-e-type=\"container\">\n\t\t\t\t<div class=\"elementor-element elementor-element-8d5ac89 elementor-widget elementor-widget-heading\" data-id=\"8d5ac89\" data-element_type=\"widget\" data-e-type=\"widget\" data-widget_type=\"heading.default\">\n\t\t\t\t<div class=\"elementor-widget-container\">\n\t\t\t\t\t<h2 class=\"elementor-heading-title elementor-size-default\">Clube de M\u00e3es\n<\/h2>\t\t\t\t<\/div>\n\t\t\t\t<\/div>\n\t\t\t\t<\/div>\n\t\t<div class=\"elementor-element elementor-element-b820beb e-con-full e-flex e-con e-parent\" data-id=\"b820beb\" data-element_type=\"container\" data-e-type=\"container\">\n\t\t\t\t<div class=\"elementor-element elementor-element-0e973e9 elementor-widget elementor-widget-text-editor\" data-id=\"0e973e9\" data-element_type=\"widget\" data-e-type=\"widget\" data-widget_type=\"text-editor.default\">\n\t\t\t\t<div class=\"elementor-widget-container\">\n\t\t\t\t\t\t\t\t\t<p>Um grupo de amigas se encontram semanalmente para tricotar, pintar e bordar. A produ\u00e7\u00e3o \u00e9 vendida em alguns bazares organizados durante o ano todo. No Natal, um bazar especial.<\/p><p>Toda ter\u00e7a-feira das 14 \u00e0s 17 horas<\/p><p>Coordenadora: Maria de F\u00e1tima Caetano<\/p>\t\t\t\t\t\t\t\t<\/div>\n\t\t\t\t<\/div>\n\t\t\t\t<\/div>\n\t\t\t\t<\/div>\n\t\t","protected":false},"excerpt":{"rendered":"<p>Clube de M\u00e3es Um grupo de amigas se encontram semanalmente para tricotar, pintar e bordar. A produ\u00e7\u00e3o \u00e9 vendida em alguns bazares organizados durante o ano todo. No Natal, um bazar especial. Toda ter\u00e7a-feira das 14 \u00e0s 17 horas Coordenadora: Maria de F\u00e1tima Caetano<\/p>\n","protected":false},"author":1,"featured_media":0,"parent":0,"menu_order":0,"comment_status":"closed","ping_status":"closed","template":"elementor_canvas","meta":{"footnotes":""},"class_list":["post-526","page","type-page","status-publish","hentry"],"_links":{"self":[{"href":"https:\/\/projetos.devmarcusoliveira.com.br\/institucionalparoquiasantamariagoretti\/wp-json\/wp\/v2\/pages\/526","targetHints":{"allow":["GET"]}}],"collection":[{"href":"https:\/\/projetos.devmarcusoliveira.com.br\/institucionalparoquiasantamariagoretti\/wp-json\/wp\/v2\/pages"}],"about":[{"href":"https:\/\/projetos.devmarcusoliveira.com.br\/institucionalparoquiasantamariagoretti\/wp-json\/wp\/v2\/types\/page"}],"author":[{"embeddable":true,"href":"https:\/\/projetos.devmarcusoliveira.com.br\/institucionalparoquiasantamariagoretti\/wp-json\/wp\/v2\/users\/1"}],"replies":[{"embeddable":true,"href":"https:\/\/projetos.devmarcusoliveira.com.br\/institucionalparoquiasantamariagoretti\/wp-json\/wp\/v2\/comments?post=526"}],"version-history":[{"count":19,"href":"https:\/\/projetos.devmarcusoliveira.com.br\/institucionalparoquiasantamariagoretti\/wp-json\/wp\/v2\/pages\/526\/revisions"}],"predecessor-version":[{"id":985,"href":"https:\/\/projetos.devmarcusoliveira.com.br\/institucionalparoquiasantamariagoretti\/wp-json\/wp\/v2\/pages\/526\/revisions\/985"}],"wp:attachment":[{"href":"https:\/\/projetos.devmarcusoliveira.com.br\/institucionalparoquiasantamariagoretti\/wp-json\/wp\/v2\/media?parent=526"}],"curies":[{"name":"wp","href":"https:\/\/api.w.org\/{rel}","templated":true}]}}