{"id":510,"date":"2025-04-06T18:16:13","date_gmt":"2025-04-06T21:16:13","guid":{"rendered":"http:\/\/igrejasantamariagoretti.local\/?page_id=510"},"modified":"2025-04-07T10:21:24","modified_gmt":"2025-04-07T13:21:24","slug":"pastoral-da-saude","status":"publish","type":"page","link":"https:\/\/projetos.devmarcusoliveira.com.br\/institucionalparoquiasantamariagoretti\/pastoral-da-saude\/","title":{"rendered":"Pastoral da Sa\u00fade"},"content":{"rendered":"\t\t<div data-elementor-type=\"wp-page\" data-elementor-id=\"510\" class=\"elementor elementor-510\">\n\t\t\t\t<div class=\"elementor-element elementor-element-85a8a4e e-con-full e-flex e-con e-parent\" data-id=\"85a8a4e\" data-element_type=\"container\" data-e-type=\"container\">\n\t\t\t\t<div class=\"elementor-element elementor-element-9c4830e elementor-widget elementor-widget-image\" data-id=\"9c4830e\" data-element_type=\"widget\" data-e-type=\"widget\" data-widget_type=\"image.default\">\n\t\t\t\t<div class=\"elementor-widget-container\">\n\t\t\t\t\t\t\t\t\t\t\t\t\t\t\t<img fetchpriority=\"high\" decoding=\"async\" width=\"1000\" height=\"150\" src=\"https:\/\/projetos.devmarcusoliveira.com.br\/institucionalparoquiasantamariagoretti\/wp-content\/uploads\/2025\/04\/HeaderMG3.jpg\" class=\"attachment-full size-full wp-image-404\" alt=\"\" srcset=\"https:\/\/projetos.devmarcusoliveira.com.br\/institucionalparoquiasantamariagoretti\/wp-content\/uploads\/2025\/04\/HeaderMG3.jpg 1000w, https:\/\/projetos.devmarcusoliveira.com.br\/institucionalparoquiasantamariagoretti\/wp-content\/uploads\/2025\/04\/HeaderMG3-300x45.jpg 300w, https:\/\/projetos.devmarcusoliveira.com.br\/institucionalparoquiasantamariagoretti\/wp-content\/uploads\/2025\/04\/HeaderMG3-768x115.jpg 768w\" sizes=\"(max-width: 1000px) 100vw, 1000px\" \/>\t\t\t\t\t\t\t\t\t\t\t\t\t\t\t<\/div>\n\t\t\t\t<\/div>\n\t\t\t\t<\/div>\n\t\t<div class=\"elementor-element elementor-element-ce5084b e-flex e-con-boxed e-con e-parent\" data-id=\"ce5084b\" data-element_type=\"container\" data-e-type=\"container\">\n\t\t\t\t\t<div class=\"e-con-inner\">\n\t\t\t\t<div class=\"elementor-element elementor-element-850e3d5 elementor-widget elementor-widget-heading\" data-id=\"850e3d5\" data-element_type=\"widget\" data-e-type=\"widget\" data-widget_type=\"heading.default\">\n\t\t\t\t<div class=\"elementor-widget-container\">\n\t\t\t\t\t<h2 class=\"elementor-heading-title elementor-size-default\">Pastoral da Sa\u00fade<\/h2>\t\t\t\t<\/div>\n\t\t\t\t<\/div>\n\t\t\t\t\t<\/div>\n\t\t\t\t<\/div>\n\t\t<div class=\"elementor-element elementor-element-b927fdb e-flex e-con-boxed e-con e-parent\" data-id=\"b927fdb\" data-element_type=\"container\" data-e-type=\"container\">\n\t\t\t\t\t<div class=\"e-con-inner\">\n\t\t\t\t<div class=\"elementor-element elementor-element-9462b7b elementor-widget elementor-widget-text-editor\" data-id=\"9462b7b\" data-element_type=\"widget\" data-e-type=\"widget\" data-widget_type=\"text-editor.default\">\n\t\t\t\t<div class=\"elementor-widget-container\">\n\t\t\t\t\t\t\t\t\t<p><strong>Objetivo Geral:<\/strong>\u00a0Promover, preservar, defender, cuidar e celebrar a vida, tornando presente no mundo da sa\u00fade a a\u00e7\u00e3o libertadora de Jesus nas seguintes dimens\u00f5es:<\/p><p><strong>Dimens\u00e3o Solid\u00e1ria:<\/strong>\u00a0Busca a viv\u00eancia e a presen\u00e7a da samaritana junto aos doentes e sofredores nos hospitais, domic\u00edlios e comunidades, atendendo o ser humano integralmente nas suas dimens\u00f5es f\u00edsicas, mental, social e espiritual.<\/p><p><strong>Dimens\u00e3o Comunit\u00e1ria:<\/strong>\u00a0Visa implementar a\u00e7\u00f5es de preven\u00e7\u00e3o e de promo\u00e7\u00e3o em sa\u00fade, relacionando-se com institui\u00e7\u00f5es na \u00e1rea de sa\u00fade p\u00fablica e desenvolvendo projetos afins. Procura valorizar o conhecimento, a sabedoria e a religiosidade popular em rela\u00e7\u00e3o \u00e0 sa\u00fade.<\/p><p><strong>Dimens\u00e3o Pol\u00edtico-Institucional:<\/strong>\u00a0Atua junto aos \u00f3rg\u00e3os e institui\u00e7\u00f5es p\u00fablicas e privadas que prestam servi\u00e7os e formam profissionais na \u00e1rea da sa\u00fade. Zela para que haja reflex\u00e3o bio\u00e9tica, forma\u00e7\u00e3o \u00e9tica e pol\u00edtica de sa\u00fade sadia, participando ainda dos conselhos de sa\u00fade (locais, distritais, municipais, estaduais e nacional) e de assembl\u00e9ias buscando a humaniza\u00e7\u00e3o do sistema de sa\u00fade, fiscalizando e denunciando quando necess\u00e1rio.<\/p><p>Coordenador: Jos\u00e9 Machado Filho<\/p><p>6 membros<\/p>\t\t\t\t\t\t\t\t<\/div>\n\t\t\t\t<\/div>\n\t\t\t\t\t<\/div>\n\t\t\t\t<\/div>\n\t\t\t\t<\/div>\n\t\t","protected":false},"excerpt":{"rendered":"<p>Pastoral da Sa\u00fade Objetivo Geral:\u00a0Promover, preservar, defender, cuidar e celebrar a vida, tornando presente no mundo da sa\u00fade a a\u00e7\u00e3o libertadora de Jesus nas seguintes dimens\u00f5es: Dimens\u00e3o Solid\u00e1ria:\u00a0Busca a viv\u00eancia e a presen\u00e7a da samaritana junto aos doentes e sofredores nos hospitais, domic\u00edlios e comunidades, atendendo o ser humano integralmente nas suas dimens\u00f5es f\u00edsicas, mental, [&hellip;]<\/p>\n","protected":false},"author":1,"featured_media":0,"parent":0,"menu_order":0,"comment_status":"closed","ping_status":"closed","template":"elementor_canvas","meta":{"footnotes":""},"class_list":["post-510","page","type-page","status-publish","hentry"],"_links":{"self":[{"href":"https:\/\/projetos.devmarcusoliveira.com.br\/institucionalparoquiasantamariagoretti\/wp-json\/wp\/v2\/pages\/510","targetHints":{"allow":["GET"]}}],"collection":[{"href":"https:\/\/projetos.devmarcusoliveira.com.br\/institucionalparoquiasantamariagoretti\/wp-json\/wp\/v2\/pages"}],"about":[{"href":"https:\/\/projetos.devmarcusoliveira.com.br\/institucionalparoquiasantamariagoretti\/wp-json\/wp\/v2\/types\/page"}],"author":[{"embeddable":true,"href":"https:\/\/projetos.devmarcusoliveira.com.br\/institucionalparoquiasantamariagoretti\/wp-json\/wp\/v2\/users\/1"}],"replies":[{"embeddable":true,"href":"https:\/\/projetos.devmarcusoliveira.com.br\/institucionalparoquiasantamariagoretti\/wp-json\/wp\/v2\/comments?post=510"}],"version-history":[{"count":22,"href":"https:\/\/projetos.devmarcusoliveira.com.br\/institucionalparoquiasantamariagoretti\/wp-json\/wp\/v2\/pages\/510\/revisions"}],"predecessor-version":[{"id":1003,"href":"https:\/\/projetos.devmarcusoliveira.com.br\/institucionalparoquiasantamariagoretti\/wp-json\/wp\/v2\/pages\/510\/revisions\/1003"}],"wp:attachment":[{"href":"https:\/\/projetos.devmarcusoliveira.com.br\/institucionalparoquiasantamariagoretti\/wp-json\/wp\/v2\/media?parent=510"}],"curies":[{"name":"wp","href":"https:\/\/api.w.org\/{rel}","templated":true}]}}