{"id":12,"date":"2025-04-04T15:34:35","date_gmt":"2025-04-04T18:34:35","guid":{"rendered":"http:\/\/igrejasantamariagoretti.local\/?page_id=12"},"modified":"2026-02-10T13:42:10","modified_gmt":"2026-02-10T16:42:10","slug":"home","status":"publish","type":"page","link":"https:\/\/projetos.devmarcusoliveira.com.br\/institucionalparoquiasantamariagoretti\/","title":{"rendered":"Home"},"content":{"rendered":"\t\t<div data-elementor-type=\"wp-page\" data-elementor-id=\"12\" class=\"elementor elementor-12\">\n\t\t\t\t<div class=\"elementor-element elementor-element-866566a e-con-full e-flex e-con e-parent\" data-id=\"866566a\" data-element_type=\"container\" data-e-type=\"container\">\n\t\t\t\t<div class=\"elementor-element elementor-element-8f30d38 elementor-widget elementor-widget-heading\" data-id=\"8f30d38\" data-element_type=\"widget\" data-e-type=\"widget\" data-widget_type=\"heading.default\">\n\t\t\t\t<div class=\"elementor-widget-container\">\n\t\t\t\t\t<h2 class=\"elementor-heading-title elementor-size-default\">Bem-vindo ao website <bR>da Par\u00f3quia Santa Maria Goretti<\/h2>\t\t\t\t<\/div>\n\t\t\t\t<\/div>\n\t\t\t\t<div class=\"elementor-element elementor-element-1440f08 elementor-widget elementor-widget-image\" data-id=\"1440f08\" data-element_type=\"widget\" data-e-type=\"widget\" data-widget_type=\"image.default\">\n\t\t\t\t<div class=\"elementor-widget-container\">\n\t\t\t\t\t\t\t\t\t\t\t\t\t\t\t<img fetchpriority=\"high\" decoding=\"async\" width=\"1024\" height=\"576\" src=\"https:\/\/projetos.devmarcusoliveira.com.br\/institucionalparoquiasantamariagoretti\/wp-content\/uploads\/2025\/04\/paroquia-santa-maria-goretti-sao-paulo-sao-paulo-1024x576-1.jpg\" class=\"attachment-full size-full wp-image-127\" alt=\"\" srcset=\"https:\/\/projetos.devmarcusoliveira.com.br\/institucionalparoquiasantamariagoretti\/wp-content\/uploads\/2025\/04\/paroquia-santa-maria-goretti-sao-paulo-sao-paulo-1024x576-1.jpg 1024w, https:\/\/projetos.devmarcusoliveira.com.br\/institucionalparoquiasantamariagoretti\/wp-content\/uploads\/2025\/04\/paroquia-santa-maria-goretti-sao-paulo-sao-paulo-1024x576-1-300x169.jpg 300w, https:\/\/projetos.devmarcusoliveira.com.br\/institucionalparoquiasantamariagoretti\/wp-content\/uploads\/2025\/04\/paroquia-santa-maria-goretti-sao-paulo-sao-paulo-1024x576-1-768x432.jpg 768w\" sizes=\"(max-width: 1024px) 100vw, 1024px\" \/>\t\t\t\t\t\t\t\t\t\t\t\t\t\t\t<\/div>\n\t\t\t\t<\/div>\n\t\t\t\t<\/div>\n\t\t<div class=\"elementor-element elementor-element-c7711e5 e-con-full e-flex e-con e-parent\" data-id=\"c7711e5\" data-element_type=\"container\" data-e-type=\"container\" id=\"quem-somos\">\n\t\t\t\t<div class=\"elementor-element elementor-element-1bf7d95 elementor-widget elementor-widget-heading\" data-id=\"1bf7d95\" data-element_type=\"widget\" data-e-type=\"widget\" data-widget_type=\"heading.default\">\n\t\t\t\t<div class=\"elementor-widget-container\">\n\t\t\t\t\t<h2 class=\"elementor-heading-title elementor-size-default\">Quem somos?<\/h2>\t\t\t\t<\/div>\n\t\t\t\t<\/div>\n\t\t\t\t<div class=\"elementor-element elementor-element-307b370 elementor-widget elementor-widget-text-editor\" data-id=\"307b370\" data-element_type=\"widget\" data-e-type=\"widget\" data-widget_type=\"text-editor.default\">\n\t\t\t\t<div class=\"elementor-widget-container\">\n\t\t\t\t\t\t\t\t\t<p>A Par\u00f3quia Santa Maria Goretti est\u00e1 localizada na Rua Dr. Romeo Ferro, 281 &#8211; Jardim Bonfiglioli, S\u00e3o Paulo &#8211; SP, 05591-000, Brasil. O nosso p\u00e1roco \u00e9 o Padre Geraldo Evaristo da Silva.<\/p>\t\t\t\t\t\t\t\t<\/div>\n\t\t\t\t<\/div>\n\t\t\t\t<\/div>\n\t\t<div class=\"elementor-element elementor-element-57ee6bf e-con-full e-flex e-con e-parent\" data-id=\"57ee6bf\" data-element_type=\"container\" data-e-type=\"container\" id=\"paroco\">\n\t\t<div class=\"elementor-element elementor-element-dd1c1a2 e-con-full e-flex e-con e-child\" data-id=\"dd1c1a2\" data-element_type=\"container\" data-e-type=\"container\">\n\t\t<div class=\"elementor-element elementor-element-132460a e-con-full e-flex e-con e-child\" data-id=\"132460a\" data-element_type=\"container\" data-e-type=\"container\">\n\t\t\t\t<div class=\"elementor-element elementor-element-3d597be elementor-widget elementor-widget-heading\" data-id=\"3d597be\" data-element_type=\"widget\" data-e-type=\"widget\" data-widget_type=\"heading.default\">\n\t\t\t\t<div class=\"elementor-widget-container\">\n\t\t\t\t\t<h2 class=\"elementor-heading-title elementor-size-default\">Padre Geraldo Evaristo da Silva<\/h2>\t\t\t\t<\/div>\n\t\t\t\t<\/div>\n\t\t\t\t<div class=\"elementor-element elementor-element-56ccdef elementor-widget elementor-widget-text-editor\" data-id=\"56ccdef\" data-element_type=\"widget\" data-e-type=\"widget\" data-widget_type=\"text-editor.default\">\n\t\t\t\t<div class=\"elementor-widget-container\">\n\t\t\t\t\t\t\t\t\t<p>Nasceu em 11\/08\/51 no interior de Alagoas e com 4 anos mudou-se com \u00e0 fam\u00edlia para a zona rural de Osvaldo Cruz, interior de SP. Com 21 anos se tornou seminarista no mosteiro de S\u00e3o Jo\u00e3o Gualberto, continuou os estudos no mosteiro de S\u00e3o Bento, depois mudou-se para Roma onde concluiu o semin\u00e1rio.<\/p><p>Preferiu voltar ao Brasil para sua ordena\u00e7\u00e3o na par\u00f3quia Nossa Senhora Assun\u00e7\u00e3o. Em 28\/08 \u00e9 ordenado di\u00e1cono na Abadia Di Vallombrosa It\u00e1lia e em 08\/09\/84 teve a Ordena\u00e7\u00e3o Presbiterial. Atuou como auxiliar de Dom Ang\u00e9lico at\u00e9 87 quando teve a posse como p\u00e1roco.<\/p>\t\t\t\t\t\t\t\t<\/div>\n\t\t\t\t<\/div>\n\t\t\t\t<\/div>\n\t\t<div class=\"elementor-element elementor-element-83518dd e-con-full e-flex e-con e-child\" data-id=\"83518dd\" data-element_type=\"container\" data-e-type=\"container\">\n\t\t\t\t<div class=\"elementor-element elementor-element-f42ef44 elementor-widget elementor-widget-image\" data-id=\"f42ef44\" data-element_type=\"widget\" data-e-type=\"widget\" data-widget_type=\"image.default\">\n\t\t\t\t<div class=\"elementor-widget-container\">\n\t\t\t\t\t\t\t\t\t\t\t\t\t\t\t<img decoding=\"async\" width=\"417\" height=\"629\" src=\"https:\/\/projetos.devmarcusoliveira.com.br\/institucionalparoquiasantamariagoretti\/wp-content\/uploads\/2025\/04\/Pe.-Geraldo-6.jpg\" class=\"attachment-full size-full wp-image-186\" alt=\"\" srcset=\"https:\/\/projetos.devmarcusoliveira.com.br\/institucionalparoquiasantamariagoretti\/wp-content\/uploads\/2025\/04\/Pe.-Geraldo-6.jpg 417w, https:\/\/projetos.devmarcusoliveira.com.br\/institucionalparoquiasantamariagoretti\/wp-content\/uploads\/2025\/04\/Pe.-Geraldo-6-199x300.jpg 199w\" sizes=\"(max-width: 417px) 100vw, 417px\" \/>\t\t\t\t\t\t\t\t\t\t\t\t\t\t\t<\/div>\n\t\t\t\t<\/div>\n\t\t\t\t<\/div>\n\t\t\t\t<\/div>\n\t\t\t\t<\/div>\n\t\t<div class=\"elementor-element elementor-element-2642348 e-con-full e-flex e-con e-parent\" data-id=\"2642348\" data-element_type=\"container\" data-e-type=\"container\" id=\"sta-maria-goretti\">\n\t\t<div class=\"elementor-element elementor-element-ba82aa8 e-con-full e-flex e-con e-child\" data-id=\"ba82aa8\" data-element_type=\"container\" data-e-type=\"container\">\n\t\t\t\t<div class=\"elementor-element elementor-element-fed8cff elementor-widget elementor-widget-image\" data-id=\"fed8cff\" data-element_type=\"widget\" data-e-type=\"widget\" data-widget_type=\"image.default\">\n\t\t\t\t<div class=\"elementor-widget-container\">\n\t\t\t\t\t\t\t\t\t\t\t\t\t\t\t<img decoding=\"async\" width=\"218\" height=\"378\" src=\"https:\/\/projetos.devmarcusoliveira.com.br\/institucionalparoquiasantamariagoretti\/wp-content\/uploads\/2025\/04\/Sta.-Maria-Goretti.jpg\" class=\"attachment-large size-large wp-image-215\" alt=\"\" srcset=\"https:\/\/projetos.devmarcusoliveira.com.br\/institucionalparoquiasantamariagoretti\/wp-content\/uploads\/2025\/04\/Sta.-Maria-Goretti.jpg 218w, https:\/\/projetos.devmarcusoliveira.com.br\/institucionalparoquiasantamariagoretti\/wp-content\/uploads\/2025\/04\/Sta.-Maria-Goretti-173x300.jpg 173w\" sizes=\"(max-width: 218px) 100vw, 218px\" \/>\t\t\t\t\t\t\t\t\t\t\t\t\t\t\t<\/div>\n\t\t\t\t<\/div>\n\t\t\t\t<\/div>\n\t\t<div class=\"elementor-element elementor-element-65a06bf e-con-full e-flex e-con e-child\" data-id=\"65a06bf\" data-element_type=\"container\" data-e-type=\"container\">\n\t\t\t\t<div class=\"elementor-element elementor-element-3f19481 elementor-widget elementor-widget-heading\" data-id=\"3f19481\" data-element_type=\"widget\" data-e-type=\"widget\" data-widget_type=\"heading.default\">\n\t\t\t\t<div class=\"elementor-widget-container\">\n\t\t\t\t\t<h2 class=\"elementor-heading-title elementor-size-default\">Quem foi Santa Maria Goretti?<\/h2>\t\t\t\t<\/div>\n\t\t\t\t<\/div>\n\t\t\t\t<div class=\"elementor-element elementor-element-d13d755 elementor-widget elementor-widget-text-editor\" data-id=\"d13d755\" data-element_type=\"widget\" data-e-type=\"widget\" data-widget_type=\"text-editor.default\">\n\t\t\t\t<div class=\"elementor-widget-container\">\n\t\t\t\t\t\t\t\t\t<p>Sua fam\u00edlia obrigada pela necessidade, havia emigrado para o in\u00f3spito Agro Pontino, na localidade Ferrera di Conza, a dez quil\u00f4metros de Nettuno (It\u00e1lia).<\/p><p>Eram camponeses acostumados aos duros trabalhos na lavoura. Seu pai morreu quando ela tinha apenas dez anos e sua m\u00e3e, Sr\u00aa. Assunta, pela necessidade de ganhar o sustento da fam\u00edlia, ficava o dia inteiro no trabalho do campo, enquanto Maria Goretti cuidava dos quatro irm\u00e3ozinhos mais novos.<\/p><p>Como ela n\u00e3o podia estudar, corria quando podia at\u00e9 uma long\u00ednqua igreja para aprender o catecismo e desta forma conseguiu fazer primeira comunh\u00e3o aos 12 anos.<\/p><p>Na manh\u00e3 do dia 06 de julho de 1902, quando sua m\u00e3e Sr\u00aa. Assunta foi para o trabalho, deixou Maria Goretti com a irm\u00e3 menor (que mais tarde entrou para a vida religiosa entre as Franciscanas Mission\u00e1rias da Imaculada), o jovem Alexandre Serenelli que j\u00e1 havia sido rejeitado pela menina, assassinou-a com v\u00e1rios golpes de punhal, que morreu pronunciando perd\u00e3o para o assassino.<\/p><p>Condenado a trabalhos for\u00e7ados, Alexandre Serenelli passou 27 anos na pris\u00e3o. No ano de 1910 ele disse ter tido uma vis\u00e3o da pequena m\u00e1rtir e desde aquele momento sua vida mudou e dizia que Maria Goretti era seu anjo protetor.<\/p><p>A jovem que n\u00e3o se deixou contaminar pelo pecado, foi canonizada em uma missa pelo Papa Pio XII, tendo sido assistida por sua m\u00e3e Sr\u00aa. Assunta e os irm\u00e3os.<\/p>\t\t\t\t\t\t\t\t<\/div>\n\t\t\t\t<\/div>\n\t\t\t\t<\/div>\n\t\t\t\t<\/div>\n\t\t<div class=\"elementor-element elementor-element-5203805 e-con-full e-flex e-con e-parent\" data-id=\"5203805\" data-element_type=\"container\" data-e-type=\"container\" id=\"horario-das-missas\">\n\t\t\t\t<div class=\"elementor-element elementor-element-40b4a92 elementor-widget elementor-widget-heading\" data-id=\"40b4a92\" data-element_type=\"widget\" data-e-type=\"widget\" data-widget_type=\"heading.default\">\n\t\t\t\t<div class=\"elementor-widget-container\">\n\t\t\t\t\t<h2 class=\"elementor-heading-title elementor-size-default\">Hor\u00e1rio das Missas<\/h2>\t\t\t\t<\/div>\n\t\t\t\t<\/div>\n\t\t\t\t<div class=\"elementor-element elementor-element-d4124c2 elementor-widget elementor-widget-image\" data-id=\"d4124c2\" data-element_type=\"widget\" data-e-type=\"widget\" data-widget_type=\"image.default\">\n\t\t\t\t<div class=\"elementor-widget-container\">\n\t\t\t\t\t\t\t\t\t\t\t\t\t\t\t<img loading=\"lazy\" decoding=\"async\" width=\"800\" height=\"239\" src=\"https:\/\/projetos.devmarcusoliveira.com.br\/institucionalparoquiasantamariagoretti\/wp-content\/uploads\/2025\/04\/BannerMissasMaio.png\" class=\"attachment-large size-large wp-image-593\" alt=\"\" srcset=\"https:\/\/projetos.devmarcusoliveira.com.br\/institucionalparoquiasantamariagoretti\/wp-content\/uploads\/2025\/04\/BannerMissasMaio.png 885w, https:\/\/projetos.devmarcusoliveira.com.br\/institucionalparoquiasantamariagoretti\/wp-content\/uploads\/2025\/04\/BannerMissasMaio-300x89.png 300w, https:\/\/projetos.devmarcusoliveira.com.br\/institucionalparoquiasantamariagoretti\/wp-content\/uploads\/2025\/04\/BannerMissasMaio-768x229.png 768w\" sizes=\"(max-width: 800px) 100vw, 800px\" \/>\t\t\t\t\t\t\t\t\t\t\t\t\t\t\t<\/div>\n\t\t\t\t<\/div>\n\t\t\t\t<\/div>\n\t\t<div class=\"elementor-element elementor-element-e73b15b e-con-full e-flex e-con e-parent\" data-id=\"e73b15b\" data-element_type=\"container\" data-e-type=\"container\" id=\"contato\">\n\t\t\t\t<div class=\"elementor-element elementor-element-8d81823 elementor-widget elementor-widget-heading\" data-id=\"8d81823\" data-element_type=\"widget\" data-e-type=\"widget\" data-widget_type=\"heading.default\">\n\t\t\t\t<div class=\"elementor-widget-container\">\n\t\t\t\t\t<h2 class=\"elementor-heading-title elementor-size-default\">Fale Conosco<\/h2>\t\t\t\t<\/div>\n\t\t\t\t<\/div>\n\t\t<div class=\"elementor-element elementor-element-1c8e6fd e-grid e-con-full e-con e-child\" data-id=\"1c8e6fd\" data-element_type=\"container\" data-e-type=\"container\">\n\t\t\t\t<div class=\"elementor-element elementor-element-0f745fb elementor-icon-list--layout-traditional elementor-list-item-link-full_width elementor-widget elementor-widget-icon-list\" data-id=\"0f745fb\" data-element_type=\"widget\" data-e-type=\"widget\" data-widget_type=\"icon-list.default\">\n\t\t\t\t<div class=\"elementor-widget-container\">\n\t\t\t\t\t\t\t<ul class=\"elementor-icon-list-items\">\n\t\t\t\t\t\t\t<li class=\"elementor-icon-list-item\">\n\t\t\t\t\t\t\t\t\t\t\t<a href=\"https:\/\/www.instagram.com\/paroquia.santamariagoretti\/\">\n\n\t\t\t\t\t\t\t\t\t\t\t\t<span class=\"elementor-icon-list-icon\">\n\t\t\t\t\t\t\t<svg aria-hidden=\"true\" class=\"e-font-icon-svg e-fab-instagram\" viewBox=\"0 0 448 512\" xmlns=\"http:\/\/www.w3.org\/2000\/svg\"><path d=\"M224.1 141c-63.6 0-114.9 51.3-114.9 114.9s51.3 114.9 114.9 114.9S339 319.5 339 255.9 287.7 141 224.1 141zm0 189.6c-41.1 0-74.7-33.5-74.7-74.7s33.5-74.7 74.7-74.7 74.7 33.5 74.7 74.7-33.6 74.7-74.7 74.7zm146.4-194.3c0 14.9-12 26.8-26.8 26.8-14.9 0-26.8-12-26.8-26.8s12-26.8 26.8-26.8 26.8 12 26.8 26.8zm76.1 27.2c-1.7-35.9-9.9-67.7-36.2-93.9-26.2-26.2-58-34.4-93.9-36.2-37-2.1-147.9-2.1-184.9 0-35.8 1.7-67.6 9.9-93.9 36.1s-34.4 58-36.2 93.9c-2.1 37-2.1 147.9 0 184.9 1.7 35.9 9.9 67.7 36.2 93.9s58 34.4 93.9 36.2c37 2.1 147.9 2.1 184.9 0 35.9-1.7 67.7-9.9 93.9-36.2 26.2-26.2 34.4-58 36.2-93.9 2.1-37 2.1-147.8 0-184.8zM398.8 388c-7.8 19.6-22.9 34.7-42.6 42.6-29.5 11.7-99.5 9-132.1 9s-102.7 2.6-132.1-9c-19.6-7.8-34.7-22.9-42.6-42.6-11.7-29.5-9-99.5-9-132.1s-2.6-102.7 9-132.1c7.8-19.6 22.9-34.7 42.6-42.6 29.5-11.7 99.5-9 132.1-9s102.7-2.6 132.1 9c19.6 7.8 34.7 22.9 42.6 42.6 11.7 29.5 9 99.5 9 132.1s2.7 102.7-9 132.1z\"><\/path><\/svg>\t\t\t\t\t\t<\/span>\n\t\t\t\t\t\t\t\t\t\t<span class=\"elementor-icon-list-text\">Santa Maria Goretti - Instagram<\/span>\n\t\t\t\t\t\t\t\t\t\t\t<\/a>\n\t\t\t\t\t\t\t\t\t<\/li>\n\t\t\t\t\t\t\t\t<li class=\"elementor-icon-list-item\">\n\t\t\t\t\t\t\t\t\t\t\t<a href=\"https:\/\/www.facebook.com\/santamaria.butanta\/?locale=pt_BR\">\n\n\t\t\t\t\t\t\t\t\t\t\t\t<span class=\"elementor-icon-list-icon\">\n\t\t\t\t\t\t\t<svg aria-hidden=\"true\" class=\"e-font-icon-svg e-fab-facebook-square\" viewBox=\"0 0 448 512\" xmlns=\"http:\/\/www.w3.org\/2000\/svg\"><path d=\"M400 32H48A48 48 0 0 0 0 80v352a48 48 0 0 0 48 48h137.25V327.69h-63V256h63v-54.64c0-62.15 37-96.48 93.67-96.48 27.14 0 55.52 4.84 55.52 4.84v61h-31.27c-30.81 0-40.42 19.12-40.42 38.73V256h68.78l-11 71.69h-57.78V480H400a48 48 0 0 0 48-48V80a48 48 0 0 0-48-48z\"><\/path><\/svg>\t\t\t\t\t\t<\/span>\n\t\t\t\t\t\t\t\t\t\t<span class=\"elementor-icon-list-text\">Santa Maria Goretti - Facebook<\/span>\n\t\t\t\t\t\t\t\t\t\t\t<\/a>\n\t\t\t\t\t\t\t\t\t<\/li>\n\t\t\t\t\t\t\t\t<li class=\"elementor-icon-list-item\">\n\t\t\t\t\t\t\t\t\t\t\t<span class=\"elementor-icon-list-icon\">\n\t\t\t\t\t\t\t<svg aria-hidden=\"true\" class=\"e-font-icon-svg e-fab-whatsapp\" viewBox=\"0 0 448 512\" xmlns=\"http:\/\/www.w3.org\/2000\/svg\"><path d=\"M380.9 97.1C339 55.1 283.2 32 223.9 32c-122.4 0-222 99.6-222 222 0 39.1 10.2 77.3 29.6 111L0 480l117.7-30.9c32.4 17.7 68.9 27 106.1 27h.1c122.3 0 224.1-99.6 224.1-222 0-59.3-25.2-115-67.1-157zm-157 341.6c-33.2 0-65.7-8.9-94-25.7l-6.7-4-69.8 18.3L72 359.2l-4.4-7c-18.5-29.4-28.2-63.3-28.2-98.2 0-101.7 82.8-184.5 184.6-184.5 49.3 0 95.6 19.2 130.4 54.1 34.8 34.9 56.2 81.2 56.1 130.5 0 101.8-84.9 184.6-186.6 184.6zm101.2-138.2c-5.5-2.8-32.8-16.2-37.9-18-5.1-1.9-8.8-2.8-12.5 2.8-3.7 5.6-14.3 18-17.6 21.8-3.2 3.7-6.5 4.2-12 1.4-32.6-16.3-54-29.1-75.5-66-5.7-9.8 5.7-9.1 16.3-30.3 1.8-3.7.9-6.9-.5-9.7-1.4-2.8-12.5-30.1-17.1-41.2-4.5-10.8-9.1-9.3-12.5-9.5-3.2-.2-6.9-.2-10.6-.2-3.7 0-9.7 1.4-14.8 6.9-5.1 5.6-19.4 19-19.4 46.3 0 27.3 19.9 53.7 22.6 57.4 2.8 3.7 39.1 59.7 94.8 83.8 35.2 15.2 49 16.5 66.6 13.9 10.7-1.6 32.8-13.4 37.4-26.4 4.6-13 4.6-24.1 3.2-26.4-1.3-2.5-5-3.9-10.5-6.6z\"><\/path><\/svg>\t\t\t\t\t\t<\/span>\n\t\t\t\t\t\t\t\t\t\t<span class=\"elementor-icon-list-text\">WhatsApp - (11) 99772-2401<\/span>\n\t\t\t\t\t\t\t\t\t<\/li>\n\t\t\t\t\t\t\t\t<li class=\"elementor-icon-list-item\">\n\t\t\t\t\t\t\t\t\t\t\t<span class=\"elementor-icon-list-icon\">\n\t\t\t\t\t\t\t<svg aria-hidden=\"true\" class=\"e-font-icon-svg e-fas-phone-alt\" viewBox=\"0 0 512 512\" xmlns=\"http:\/\/www.w3.org\/2000\/svg\"><path d=\"M497.39 361.8l-112-48a24 24 0 0 0-28 6.9l-49.6 60.6A370.66 370.66 0 0 1 130.6 204.11l60.6-49.6a23.94 23.94 0 0 0 6.9-28l-48-112A24.16 24.16 0 0 0 122.6.61l-104 24A24 24 0 0 0 0 48c0 256.5 207.9 464 464 464a24 24 0 0 0 23.4-18.6l24-104a24.29 24.29 0 0 0-14.01-27.6z\"><\/path><\/svg>\t\t\t\t\t\t<\/span>\n\t\t\t\t\t\t\t\t\t\t<span class=\"elementor-icon-list-text\">Telefone: (11) 3726-2959<\/span>\n\t\t\t\t\t\t\t\t\t<\/li>\n\t\t\t\t\t\t\t\t<li class=\"elementor-icon-list-item\">\n\t\t\t\t\t\t\t\t\t\t\t<a href=\"mailto:secretaria@stamariagoretti.org.br\">\n\n\t\t\t\t\t\t\t\t\t\t\t\t<span class=\"elementor-icon-list-icon\">\n\t\t\t\t\t\t\t<svg aria-hidden=\"true\" class=\"e-font-icon-svg e-fas-envelope\" viewBox=\"0 0 512 512\" xmlns=\"http:\/\/www.w3.org\/2000\/svg\"><path d=\"M502.3 190.8c3.9-3.1 9.7-.2 9.7 4.7V400c0 26.5-21.5 48-48 48H48c-26.5 0-48-21.5-48-48V195.6c0-5 5.7-7.8 9.7-4.7 22.4 17.4 52.1 39.5 154.1 113.6 21.1 15.4 56.7 47.8 92.2 47.6 35.7.3 72-32.8 92.3-47.6 102-74.1 131.6-96.3 154-113.7zM256 320c23.2.4 56.6-29.2 73.4-41.4 132.7-96.3 142.8-104.7 173.4-128.7 5.8-4.5 9.2-11.5 9.2-18.9v-19c0-26.5-21.5-48-48-48H48C21.5 64 0 85.5 0 112v19c0 7.4 3.4 14.3 9.2 18.9 30.6 23.9 40.7 32.4 173.4 128.7 16.8 12.2 50.2 41.8 73.4 41.4z\"><\/path><\/svg>\t\t\t\t\t\t<\/span>\n\t\t\t\t\t\t\t\t\t\t<span class=\"elementor-icon-list-text\">E-mail - secretaria@stamariagoretti.org.br<\/span>\n\t\t\t\t\t\t\t\t\t\t\t<\/a>\n\t\t\t\t\t\t\t\t\t<\/li>\n\t\t\t\t\t\t<\/ul>\n\t\t\t\t\t\t<\/div>\n\t\t\t\t<\/div>\n\t\t\t\t<div class=\"elementor-element elementor-element-2d88e44 elementor-widget elementor-widget-image\" data-id=\"2d88e44\" data-element_type=\"widget\" data-e-type=\"widget\" data-widget_type=\"image.default\">\n\t\t\t\t<div class=\"elementor-widget-container\">\n\t\t\t\t\t\t\t\t\t\t\t\t\t\t\t<img loading=\"lazy\" decoding=\"async\" width=\"2560\" height=\"1707\" src=\"https:\/\/projetos.devmarcusoliveira.com.br\/institucionalparoquiasantamariagoretti\/wp-content\/uploads\/2025\/04\/smiling-woman-headset-presentation-something-scaled.jpg\" class=\"attachment-full size-full wp-image-794\" alt=\"\" srcset=\"https:\/\/projetos.devmarcusoliveira.com.br\/institucionalparoquiasantamariagoretti\/wp-content\/uploads\/2025\/04\/smiling-woman-headset-presentation-something-scaled.jpg 2560w, https:\/\/projetos.devmarcusoliveira.com.br\/institucionalparoquiasantamariagoretti\/wp-content\/uploads\/2025\/04\/smiling-woman-headset-presentation-something-300x200.jpg 300w, https:\/\/projetos.devmarcusoliveira.com.br\/institucionalparoquiasantamariagoretti\/wp-content\/uploads\/2025\/04\/smiling-woman-headset-presentation-something-1024x683.jpg 1024w, https:\/\/projetos.devmarcusoliveira.com.br\/institucionalparoquiasantamariagoretti\/wp-content\/uploads\/2025\/04\/smiling-woman-headset-presentation-something-768x512.jpg 768w, https:\/\/projetos.devmarcusoliveira.com.br\/institucionalparoquiasantamariagoretti\/wp-content\/uploads\/2025\/04\/smiling-woman-headset-presentation-something-1536x1024.jpg 1536w, https:\/\/projetos.devmarcusoliveira.com.br\/institucionalparoquiasantamariagoretti\/wp-content\/uploads\/2025\/04\/smiling-woman-headset-presentation-something-2048x1365.jpg 2048w\" sizes=\"(max-width: 2560px) 100vw, 2560px\" \/>\t\t\t\t\t\t\t\t\t\t\t\t\t\t\t<\/div>\n\t\t\t\t<\/div>\n\t\t\t\t<\/div>\n\t\t\t\t<\/div>\n\t\t\t\t<\/div>\n\t\t","protected":false},"excerpt":{"rendered":"<p>Bem-vindo ao website da Par\u00f3quia Santa Maria Goretti Quem somos? A Par\u00f3quia Santa Maria Goretti est\u00e1 localizada na Rua Dr. Romeo Ferro, 281 &#8211; Jardim Bonfiglioli, S\u00e3o Paulo &#8211; SP, 05591-000, Brasil. O nosso p\u00e1roco \u00e9 o Padre Geraldo Evaristo da Silva. Padre Geraldo Evaristo da Silva Nasceu em 11\/08\/51 no interior de Alagoas e [&hellip;]<\/p>\n","protected":false},"author":1,"featured_media":0,"parent":0,"menu_order":0,"comment_status":"closed","ping_status":"closed","template":"elementor_canvas","meta":{"footnotes":""},"class_list":["post-12","page","type-page","status-publish","hentry"],"_links":{"self":[{"href":"https:\/\/projetos.devmarcusoliveira.com.br\/institucionalparoquiasantamariagoretti\/wp-json\/wp\/v2\/pages\/12","targetHints":{"allow":["GET"]}}],"collection":[{"href":"https:\/\/projetos.devmarcusoliveira.com.br\/institucionalparoquiasantamariagoretti\/wp-json\/wp\/v2\/pages"}],"about":[{"href":"https:\/\/projetos.devmarcusoliveira.com.br\/institucionalparoquiasantamariagoretti\/wp-json\/wp\/v2\/types\/page"}],"author":[{"embeddable":true,"href":"https:\/\/projetos.devmarcusoliveira.com.br\/institucionalparoquiasantamariagoretti\/wp-json\/wp\/v2\/users\/1"}],"replies":[{"embeddable":true,"href":"https:\/\/projetos.devmarcusoliveira.com.br\/institucionalparoquiasantamariagoretti\/wp-json\/wp\/v2\/comments?post=12"}],"version-history":[{"count":316,"href":"https:\/\/projetos.devmarcusoliveira.com.br\/institucionalparoquiasantamariagoretti\/wp-json\/wp\/v2\/pages\/12\/revisions"}],"predecessor-version":[{"id":1170,"href":"https:\/\/projetos.devmarcusoliveira.com.br\/institucionalparoquiasantamariagoretti\/wp-json\/wp\/v2\/pages\/12\/revisions\/1170"}],"wp:attachment":[{"href":"https:\/\/projetos.devmarcusoliveira.com.br\/institucionalparoquiasantamariagoretti\/wp-json\/wp\/v2\/media?parent=12"}],"curies":[{"name":"wp","href":"https:\/\/api.w.org\/{rel}","templated":true}]}}