{"id":304,"date":"2025-05-26T13:33:35","date_gmt":"2025-05-26T16:33:35","guid":{"rendered":"http:\/\/psicologiaparatodos.local\/?page_id=304"},"modified":"2025-06-03T15:45:54","modified_gmt":"2025-06-03T18:45:54","slug":"pagina-de-politica-de-privacidade","status":"publish","type":"page","link":"https:\/\/projetos.devmarcusoliveira.com.br\/blogpsicologiaparatodos\/pagina-de-politica-de-privacidade\/","title":{"rendered":"P\u00e1gina de Pol\u00edtica de Privacidade"},"content":{"rendered":"\t\t<div data-elementor-type=\"wp-page\" data-elementor-id=\"304\" class=\"elementor elementor-304\">\n\t\t\t\t<div class=\"elementor-element elementor-element-aedec71 e-con-full e-flex wpr-particle-no wpr-jarallax-no wpr-parallax-no wpr-sticky-section-no e-con e-parent\" data-id=\"aedec71\" data-element_type=\"container\" data-e-type=\"container\">\n\t\t\t\t<div class=\"elementor-element elementor-element-b960001 elementor-widget elementor-widget-heading\" data-id=\"b960001\" data-element_type=\"widget\" data-e-type=\"widget\" data-widget_type=\"heading.default\">\n\t\t\t\t<div class=\"elementor-widget-container\">\n\t\t\t\t\t<h2 class=\"elementor-heading-title elementor-size-default\">Pol\u00edtica de Privacidade<\/h2>\t\t\t\t<\/div>\n\t\t\t\t<\/div>\n\t\t\t\t<\/div>\n\t\t<div class=\"elementor-element elementor-element-4a73db4 e-con-full e-flex wpr-particle-no wpr-jarallax-no wpr-parallax-no wpr-sticky-section-no e-con e-parent\" data-id=\"4a73db4\" data-element_type=\"container\" data-e-type=\"container\">\n\t\t\t\t<div class=\"elementor-element elementor-element-be26b92 elementor-widget elementor-widget-text-editor\" data-id=\"be26b92\" data-element_type=\"widget\" data-e-type=\"widget\" data-widget_type=\"text-editor.default\">\n\t\t\t\t<div class=\"elementor-widget-container\">\n\t\t\t\t\t\t\t\t\t<h3 data-sourcepos=\"5:1-5:14\">Quem somos<\/h3><p data-sourcepos=\"7:1-7:139\">O endere\u00e7o do nosso site \u00e9:\u00a0<a class=\"ng-star-inserted\" href=\"https:\/\/www.google.com\/search?q=http:\/\/b%3C0%3Elogpsiquiatriaemfoco.local\" target=\"_blank\" rel=\"noopener\">http:\/\/psicologiaparatodos.com<\/a><\/p><h3 data-sourcepos=\"9:1-9:15\">Coment\u00e1rios<\/h3><p data-sourcepos=\"11:1-11:246\"><span class=\"citation-22\">Quando os visitantes deixam coment\u00e1rios no site, coletamos os dados mostrados<\/span><span class=\"citation-22 citation-end-22\">\u00a0no formul\u00e1rio de coment\u00e1rios, al\u00e9m do endere\u00e7o IP do visitante e a string do agente<\/span>\u00a0do u<span class=\"citation-21\">su\u00e1rio do navegador para auxiliar na detec\u00e7\u00e3o de spam.<\/span><\/p><p data-sourcepos=\"13:1-13:438\"><span class=\"citation-21\">Uma string anonimizada criada a partir do seu e<\/span><span class=\"citation-20 citation-21 citation-end-21\">ndere\u00e7o de e-mail (tamb\u00e9m chamada de hash) pode<\/span><span class=\"citation-20 citation-end-20\">\u00a0ser fornecida ao servi\u00e7o Gravatar para verificar se voc\u00ea o est\u00e1 usando. A pol\u00edtica de privacidade do servi\u00e7o<\/span>\u00a0Gravatar est\u00e1 dispon\u00edvel aqui:\u00a0<a class=\"ng-star-inserted\" href=\"https:\/\/automattic.com\/privacy\/\" target=\"_blank\" rel=\"noopener\">https:\/\/automattic.com\/privacy\/<\/a>. Ap\u00f3s a aprova\u00e7\u00e3o do seu coment\u00e1rio, s<span class=\"citation-19\">ua foto de perfil fica vis\u00edvel ao p\u00fablico no contexto do seu coment\u00e1rio.<\/span><\/p><h3 data-sourcepos=\"15:1-15:9\"><span class=\"citation-19\">M\u00eddia<\/span><\/h3><p data-sourcepos=\"17:1-17:222\"><span class=\"citation-19 citation-end-19\">Se voc\u00ea enviar imagens para o site, evite enviar imagens com dados de localiza\u00e7\u00e3o<\/span>\u00a0incorporados\u00a0<span class=\"citation-18\">(EXIF GPS). Os visitantes do site podem baixar e extrair quaisquer dados de localiza\u00e7\u00e3o d<\/span><span class=\"citation-17 citation-18\">as imagens no site.<\/span><\/p><h3 data-sourcepos=\"19:1-19:11\"><span class=\"citation-17 citation-18\">Cookies<\/span><\/h3><p data-sourcepos=\"21:1-21:280\"><span class=\"citation-17 citation-18 citation-end-18\">Se voc\u00ea deixar um coment\u00e1rio em nosso site, poder\u00e1 optar por salvar seu<\/span><span class=\"citation-17\">\u00a0nome, endere\u00e7o de e-mail e site e<\/span><span class=\"citation-16 citation-17 citation-end-17\">m cookies. Isso \u00e9 para sua<\/span><span class=\"citation-16\">\u00a0conveni\u00eancia, para que voc\u00ea n\u00e3o precise preencher seus dados novamente ao deixar outro coment\u00e1rio. Esses cookies durar\u00e3o um ano.<\/span><\/p><p data-sourcepos=\"23:1-23:233\"><span class=\"citation-16\">Se vo<\/span><span class=\"citation-15 citation-16 citation-end-16\">c\u00ea<\/span><span class=\"citation-15\">\u00a0visitar nossa p\u00e1gina de login, definiremos um cookie tempor\u00e1rio para determinar se seu navegador aceita cookies. Este cookie n\u00e3o cont\u00e9m dados pessoais e<\/span><span class=\"citation-14 citation-15 citation-end-15\">\u00a0\u00e9 descartado<\/span><span class=\"citation-14\">\u00a0quando voc\u00ea fecha o navegador.<\/span><\/p><p data-sourcepos=\"25:1-25:357\"><span class=\"citation-14\">Ao fazer login, tamb\u00e9m configuraremos v\u00e1rios cookies para salvar suas informa\u00e7\u00f5es de l<\/span><span class=\"citation-13 citation-14 citation-end-14\">ogin e suas op\u00e7\u00f5es de exibi\u00e7\u00e3o de tela. Os cookies de login duram dois dias e os cookies de op\u00e7\u00f5es de tela duram<\/span><span class=\"citation-13\">\u00a0um ano. Se voc\u00ea selecionar \u201cLembrar-me\u201d, seu login persistir\u00e1 por duas semanas. Se voc\u00ea sair da sua conta, os cookies de login ser\u00e3o removidos.<\/span><\/p><p data-sourcepos=\"27:1-27:244\"><span class=\"citation-13\">Se voc\u00ea editar ou publicar um artigo, um cookie adicional ser\u00e1 salvo em seu\u00a0<\/span><span class=\"citation-12 citation-13 citation-end-13\">navegador. Este cookie n\u00e3o inclui dados<\/span><span class=\"citation-12 citation-end-12\">\u00a0pessoais e simplesmente indica o ID da postagem do artigo que voc\u00ea acabou de editar. Ele expira ap\u00f3s 1 dia.<\/span><\/p><h3 data-sourcepos=\"29:1-29:40\">Conte\u00fado incorporado de outros sites<\/h3><p data-sourcepos=\"31:1-31:235\">Artigos neste site podem incluir conte\u00fado incorporado (por exemplo,<span class=\"citation-11\">\u00a0v\u00eddeos, imagens, artigos, etc.). O conte\u00fado incorporado de outros sites se comporta exatamente da mesma forma como se o visitante tivesse visitado o outro site.<\/span><\/p><p data-sourcepos=\"33:1-33:313\"><span class=\"citation-11 citation-end-11\">Esses<\/span>\u00a0sites podem coleta<span class=\"citation-10 citation-end-10\">r dados sobre voc\u00ea, usar cookies, incorporar rastreamento adicional de terceiros e monitorar sua intera\u00e7\u00e3o com esse conte\u00fado incorporado, incluindo o rastreamento<\/span>\u00a0de sua int<span class=\"citation-9\">era\u00e7\u00e3o com o conte\u00fado incorporado se voc\u00ea tiver uma conta e estiver logado nesse site.<\/span><\/p><h3 data-sourcepos=\"35:1-35:38\"><span class=\"citation-9\">Com quem compartilhamos seus dados<\/span><\/h3><p data-sourcepos=\"37:1-37:114\"><span class=\"citation-9 citation-end-9\">Se voc\u00ea solicitar uma redefini\u00e7\u00e3o de senha, seu endere\u00e7o<\/span>\u00a0IP ser\u00e1 inclu\u00ed<span class=\"citation-8\">do no e-mail de redefini\u00e7\u00e3o.<\/span><\/p><h3 data-sourcepos=\"39:1-39:39\"><span class=\"citation-8\">Por quanto tempo retemos seus dados<\/span><\/h3><p data-sourcepos=\"41:1-41:254\"><span class=\"citation-8\">Se voc\u00ea deixar um coment\u00e1rio, o coment\u00e1rio e seus metadados ser\u00e3o retidos indefinidamente. Isso \u00e9 para que possam<\/span><span class=\"citation-7 citation-8 citation-end-8\">os reconhecer e aprovar quaisquer coment\u00e1rios de acompanhamento automaticamente, em vez de mant\u00ea-los em uma<\/span><span class=\"citation-7\">\u00a0fila de modera\u00e7\u00e3o.<\/span><\/p><p data-sourcepos=\"43:1-43:396\"><span class=\"citation-7\">Para usu\u00e1rios que se reg<\/span><span class=\"citation-6 citation-7 citation-end-7\">istram em nosso site (se houver), tamb\u00e9m<\/span><span class=\"citation-6 citation-end-6\">\u00a0armazenamos as informa\u00e7\u00f5es pessoais que eles fornecem em seu perfil de usu\u00e1rio. Todos os usu\u00e1rios podem ver, editar ou excluir suas informa\u00e7\u00f5es<\/span>\u00a0pessoa<span class=\"citation-5\">is a qualquer momento (exceto que n\u00e3o podem alterar seu nom<\/span><span class=\"citation-4 citation-5\">e de usu\u00e1rio). Os administradores do site tamb\u00e9m podem ver e editar essas informa\u00e7\u00f5es.<\/span><\/p><h3 data-sourcepos=\"45:1-45:52\"><span class=\"citation-4 citation-5 citation-end-5\">Quais direitos<\/span><span class=\"citation-4\">\u00a0voc\u00ea tem sobre seus dados<\/span><\/h3><p data-sourcepos=\"47:1-47:470\"><span class=\"citation-4 citation-end-4\">Se voc\u00ea tiver uma conta neste<\/span>\u00a0site, o<span class=\"citation-3\">u tiver deixado coment\u00e1rios, voc\u00ea pode solicitar o recebimento de um arq<\/span><span class=\"citation-2 citation-3 citation-end-3\">uivo exportado dos dados pessoais que mantemos sobre voc\u00ea, incluindo quaisquer dados que voc\u00ea nos forneceu.<\/span><span class=\"citation-2\">\u00a0Voc\u00ea tamb\u00e9m pode solicitar que apaguemos quaisquer dados pessoais que mantemos sobre voc\u00ea. Isso n\u00e3o inclui qu<\/span><span class=\"citation-1 citation-2 citation-end-2\">aisquer dados que somos obrigados a manter para<\/span><span class=\"citation-1\">\u00a0fins administrativos,\u00a0<\/span><span class=\"citation-0 citation-1\">legais ou de seguran\u00e7a.<\/span><\/p><h3 data-sourcepos=\"49:1-49:37\"><span class=\"citation-0 citation-1\">Para onde seus dados s\u00e3o enviados<\/span><\/h3><p data-sourcepos=\"51:1-51:124\"><span class=\"citation-0 citation-1 citation-end-1\">Os coment\u00e1rios dos visitantes podem ser verificados<\/span><span class=\"citation-0 citation-end-0\">\u00a0por meio de um servi\u00e7o<\/span>\u00a0automatizado de detec\u00e7\u00e3o de spam.<\/p>\t\t\t\t\t\t\t\t<\/div>\n\t\t\t\t<\/div>\n\t\t\t\t<\/div>\n\t\t\t\t<\/div>\n\t\t","protected":false},"excerpt":{"rendered":"<p>Pol\u00edtica de Privacidade Quem somos O endere\u00e7o do nosso site \u00e9:\u00a0http:\/\/psicologiaparatodos.com Coment\u00e1rios Quando os visitantes deixam coment\u00e1rios no site, coletamos os dados mostrados\u00a0no formul\u00e1rio de coment\u00e1rios, al\u00e9m do endere\u00e7o IP do visitante e a string do agente\u00a0do usu\u00e1rio do navegador para auxiliar na detec\u00e7\u00e3o de spam. Uma string anonimizada criada a partir do seu endere\u00e7o de e-mail (tamb\u00e9m chamada de hash) pode\u00a0ser fornecida ao servi\u00e7o Gravatar para verificar se voc\u00ea o est\u00e1 usando. A pol\u00edtica de privacidade do servi\u00e7o\u00a0Gravatar est\u00e1 dispon\u00edvel aqui:\u00a0https:\/\/automattic.com\/privacy\/. Ap\u00f3s a aprova\u00e7\u00e3o do seu coment\u00e1rio, sua foto de perfil fica vis\u00edvel ao p\u00fablico no contexto do seu coment\u00e1rio. M\u00eddia Se voc\u00ea enviar imagens para o site, evite enviar imagens com dados de localiza\u00e7\u00e3o\u00a0incorporados\u00a0(EXIF GPS). Os visitantes do site podem baixar e extrair quaisquer dados de localiza\u00e7\u00e3o das imagens no site. Cookies Se voc\u00ea deixar um coment\u00e1rio em nosso site, poder\u00e1 optar por salvar seu\u00a0nome, endere\u00e7o de e-mail e site em cookies. Isso \u00e9 para sua\u00a0conveni\u00eancia, para que voc\u00ea n\u00e3o precise preencher seus dados novamente ao deixar outro coment\u00e1rio. Esses cookies durar\u00e3o um ano. Se voc\u00ea\u00a0visitar nossa p\u00e1gina de login, definiremos um cookie tempor\u00e1rio para determinar se seu navegador aceita cookies. Este cookie n\u00e3o cont\u00e9m dados pessoais e\u00a0\u00e9 descartado\u00a0quando voc\u00ea fecha o navegador. Ao fazer login, tamb\u00e9m configuraremos v\u00e1rios cookies para salvar suas informa\u00e7\u00f5es de login e suas op\u00e7\u00f5es de exibi\u00e7\u00e3o de tela. Os cookies de login duram dois dias e os cookies de op\u00e7\u00f5es de tela duram\u00a0um ano. Se voc\u00ea selecionar \u201cLembrar-me\u201d, seu login persistir\u00e1 por duas semanas. Se voc\u00ea sair da sua conta, os cookies de login ser\u00e3o removidos. Se voc\u00ea editar ou publicar um artigo, um cookie adicional ser\u00e1 salvo em seu\u00a0navegador. Este cookie n\u00e3o inclui dados\u00a0pessoais e simplesmente indica o ID da postagem do artigo que voc\u00ea acabou de editar. Ele expira ap\u00f3s 1 dia. Conte\u00fado incorporado de outros sites Artigos neste site podem incluir conte\u00fado incorporado (por exemplo,\u00a0v\u00eddeos, imagens, artigos, etc.). O conte\u00fado incorporado de outros sites se comporta exatamente da mesma forma como se o visitante tivesse visitado o outro site. Esses\u00a0sites podem coletar dados sobre voc\u00ea, usar cookies, incorporar rastreamento adicional de terceiros e monitorar sua intera\u00e7\u00e3o com esse conte\u00fado incorporado, incluindo o rastreamento\u00a0de sua intera\u00e7\u00e3o com o conte\u00fado incorporado se voc\u00ea tiver uma conta e estiver logado nesse site. Com quem compartilhamos seus dados Se voc\u00ea solicitar uma redefini\u00e7\u00e3o de senha, seu endere\u00e7o\u00a0IP ser\u00e1 inclu\u00eddo no e-mail de redefini\u00e7\u00e3o. Por quanto tempo retemos seus dados Se voc\u00ea deixar um coment\u00e1rio, o coment\u00e1rio e seus metadados ser\u00e3o retidos indefinidamente. Isso \u00e9 para que possamos reconhecer e aprovar quaisquer coment\u00e1rios de acompanhamento automaticamente, em vez de mant\u00ea-los em uma\u00a0fila de modera\u00e7\u00e3o. Para usu\u00e1rios que se registram em nosso site (se houver), tamb\u00e9m\u00a0armazenamos as informa\u00e7\u00f5es pessoais que eles fornecem em seu perfil de usu\u00e1rio. Todos os usu\u00e1rios podem ver, editar ou excluir suas informa\u00e7\u00f5es\u00a0pessoais a qualquer momento (exceto que n\u00e3o podem alterar seu nome de usu\u00e1rio). Os administradores do site tamb\u00e9m podem ver e editar essas informa\u00e7\u00f5es. Quais direitos\u00a0voc\u00ea tem sobre seus dados Se voc\u00ea tiver uma conta neste\u00a0site, ou tiver deixado coment\u00e1rios, voc\u00ea pode solicitar o recebimento de um arquivo exportado dos dados pessoais que mantemos sobre voc\u00ea, incluindo quaisquer dados que voc\u00ea nos forneceu.\u00a0Voc\u00ea tamb\u00e9m pode solicitar que apaguemos quaisquer dados pessoais que mantemos sobre voc\u00ea. Isso n\u00e3o inclui quaisquer dados que somos obrigados a manter para\u00a0fins administrativos,\u00a0legais ou de seguran\u00e7a. Para onde seus dados s\u00e3o enviados Os coment\u00e1rios dos visitantes podem ser verificados\u00a0por meio de um servi\u00e7o\u00a0automatizado de detec\u00e7\u00e3o de spam.<\/p>\n","protected":false},"author":1,"featured_media":0,"parent":0,"menu_order":0,"comment_status":"closed","ping_status":"closed","template":"elementor_canvas","meta":{"footnotes":""},"class_list":["post-304","page","type-page","status-publish","hentry"],"_links":{"self":[{"href":"https:\/\/projetos.devmarcusoliveira.com.br\/blogpsicologiaparatodos\/wp-json\/wp\/v2\/pages\/304","targetHints":{"allow":["GET"]}}],"collection":[{"href":"https:\/\/projetos.devmarcusoliveira.com.br\/blogpsicologiaparatodos\/wp-json\/wp\/v2\/pages"}],"about":[{"href":"https:\/\/projetos.devmarcusoliveira.com.br\/blogpsicologiaparatodos\/wp-json\/wp\/v2\/types\/page"}],"author":[{"embeddable":true,"href":"https:\/\/projetos.devmarcusoliveira.com.br\/blogpsicologiaparatodos\/wp-json\/wp\/v2\/users\/1"}],"replies":[{"embeddable":true,"href":"https:\/\/projetos.devmarcusoliveira.com.br\/blogpsicologiaparatodos\/wp-json\/wp\/v2\/comments?post=304"}],"version-history":[{"count":19,"href":"https:\/\/projetos.devmarcusoliveira.com.br\/blogpsicologiaparatodos\/wp-json\/wp\/v2\/pages\/304\/revisions"}],"predecessor-version":[{"id":406,"href":"https:\/\/projetos.devmarcusoliveira.com.br\/blogpsicologiaparatodos\/wp-json\/wp\/v2\/pages\/304\/revisions\/406"}],"wp:attachment":[{"href":"https:\/\/projetos.devmarcusoliveira.com.br\/blogpsicologiaparatodos\/wp-json\/wp\/v2\/media?parent=304"}],"curies":[{"name":"wp","href":"https:\/\/api.w.org\/{rel}","templated":true}]}}