{"id":16,"date":"2025-05-26T20:01:08","date_gmt":"2025-05-26T23:01:08","guid":{"rendered":"http:\/\/blogmeuamadolinux.local\/?page_id=16"},"modified":"2025-06-03T16:26:55","modified_gmt":"2025-06-03T19:26:55","slug":"politica-de-inteligencia-artificial","status":"publish","type":"page","link":"https:\/\/projetos.devmarcusoliveira.com.br\/blogmeuamadolinux\/politica-de-inteligencia-artificial\/","title":{"rendered":"Pol\u00edtica de Intelig\u00eancia Artificial"},"content":{"rendered":"\t\t<div data-elementor-type=\"wp-page\" data-elementor-id=\"16\" class=\"elementor elementor-16\">\n\t\t\t\t<div class=\"elementor-element elementor-element-83fb544 e-con-full e-flex wpr-particle-no wpr-jarallax-no wpr-parallax-no wpr-sticky-section-no e-con e-parent\" data-id=\"83fb544\" data-element_type=\"container\" data-e-type=\"container\">\n\t\t\t\t<div class=\"elementor-element elementor-element-ebf1626 elementor-widget elementor-widget-heading\" data-id=\"ebf1626\" data-element_type=\"widget\" data-e-type=\"widget\" data-widget_type=\"heading.default\">\n\t\t\t\t<div class=\"elementor-widget-container\">\n\t\t\t\t\t<h2 class=\"elementor-heading-title elementor-size-default\">Pol\u00edtica de Intelig\u00eancia Artificial do Blog Meu Amado Linux<\/h2>\t\t\t\t<\/div>\n\t\t\t\t<\/div>\n\t\t\t\t<div class=\"elementor-element elementor-element-a099e9d elementor-widget elementor-widget-text-editor\" data-id=\"a099e9d\" data-element_type=\"widget\" data-e-type=\"widget\" data-widget_type=\"text-editor.default\">\n\t\t\t\t<div class=\"elementor-widget-container\">\n\t\t\t\t\t\t\t\t\t<p>Data de Publica\u00e7\u00e3o: 29 de maio de 2025<\/p><p>Esta pol\u00edtica descreve o uso e a integra\u00e7\u00e3o de ferramentas e tecnologias de Intelig\u00eancia Artificial (IA) no blog Meu Amado Linux. Nosso objetivo \u00e9 garantir transpar\u00eancia, responsabilidade e o compromisso cont\u00ednuo com a qualidade e a originalidade do conte\u00fado que oferecemos aos nossos leitores.<\/p><p>1. Compromisso com a Qualidade e Originalidade<br \/>No Meu Amado Linux, a autoria humana e a experi\u00eancia pr\u00e1tica s\u00e3o pilares fundamentais. A IA ser\u00e1 utilizada como uma ferramenta de suporte, e n\u00e3o como um substituto para a pesquisa aprofundada, a an\u00e1lise cr\u00edtica e a voz \u00fanica de Marcus Oliveira e de outros colaboradores humanos. Todo o conte\u00fado publicado passar\u00e1 por revis\u00e3o e aprova\u00e7\u00e3o humana rigorosa para garantir sua precis\u00e3o, relev\u00e2ncia e originalidade.<\/p><p>2. Usos da Intelig\u00eancia Artificial<br \/>A IA poder\u00e1 ser empregada para as seguintes finalidades, entre outras:<\/p><p>Otimiza\u00e7\u00e3o de Conte\u00fado: Aux\u00edlio na an\u00e1lise de palavras-chave, sugest\u00e3o de t\u00f3picos e melhoria da legibilidade para otimiza\u00e7\u00e3o para motores de busca (SEO).<br \/>Gera\u00e7\u00e3o de Ideias: Suporte na gera\u00e7\u00e3o de ideias para artigos, tutoriais e projetos.<br \/>Revis\u00e3o e Edi\u00e7\u00e3o: Ferramentas de IA podem ser usadas para identificar erros gramaticais, ortogr\u00e1ficos e de pontua\u00e7\u00e3o, bem como para sugerir melhorias na clareza e concis\u00e3o do texto.<br \/>Tradu\u00e7\u00e3o: Apoio na tradu\u00e7\u00e3o de conte\u00fados para atingir um p\u00fablico mais amplo, sempre com revis\u00e3o humana para garantir a acur\u00e1cia.<br \/>Automatiza\u00e7\u00e3o de Tarefas: Aux\u00edlio em tarefas repetitivas, como a organiza\u00e7\u00e3o de dados e a gera\u00e7\u00e3o de resumos.<br \/>3. Limita\u00e7\u00f5es e Responsabilidade<br \/>\u00c9 importante ressaltar que as ferramentas de IA, apesar de poderosas, possuem limita\u00e7\u00f5es. O Meu Amado Linux assume a total responsabilidade pelo conte\u00fado publicado, independentemente do uso de IA em seu processo de cria\u00e7\u00e3o. Estaremos atentos a poss\u00edveis vieses ou imprecis\u00f5es geradas por IA, e qualquer informa\u00e7\u00e3o cr\u00edtica ou t\u00e9cnica ser\u00e1 sempre verificada e validada por especialistas humanos.<\/p><p>N\u00e3o utilizaremos IA para:<\/p><p>Gerar conte\u00fado inteiramente sem supervis\u00e3o humana.<br \/>Substituir a pesquisa aprofundada e a expertise de Marcus Oliveira.<br \/>Disseminar informa\u00e7\u00f5es falsas ou enganosas.<br \/>4. Transpar\u00eancia<br \/>Quando o uso de IA for significativo na cria\u00e7\u00e3o ou edi\u00e7\u00e3o de um determinado conte\u00fado, buscaremos ser transparentes com nossos leitores. Nosso compromisso \u00e9 manter a confian\u00e7a da comunidade Meu Amado Linux.<\/p><p>5. Feedback e Contato<br \/>Encorajamos nossos leitores a nos fornecerem feedback sobre esta pol\u00edtica ou sobre o uso de IA em nosso blog. Suas opini\u00f5es s\u00e3o valiosas para n\u00f3s.<\/p><p>Para quaisquer d\u00favidas ou sugest\u00f5es, entre em contato atrav\u00e9s do e-mail: contato@blogmeuamadolinux.com.br.<\/p><p>Propriet\u00e1rio do Blog: Marcus Oliveira<br \/>Meu Amado Linux<\/p>\t\t\t\t\t\t\t\t<\/div>\n\t\t\t\t<\/div>\n\t\t\t\t<\/div>\n\t\t\t\t<\/div>\n\t\t","protected":false},"excerpt":{"rendered":"<p>Pol\u00edtica de Intelig\u00eancia Artificial do Blog Meu Amado Linux Data de Publica\u00e7\u00e3o: 29 de maio de 2025 Esta pol\u00edtica descreve o uso e a integra\u00e7\u00e3o de ferramentas e tecnologias de Intelig\u00eancia Artificial (IA) no blog Meu Amado Linux. Nosso objetivo \u00e9 garantir transpar\u00eancia, responsabilidade e o compromisso cont\u00ednuo com a qualidade e a originalidade do conte\u00fado que oferecemos aos nossos leitores. 1. Compromisso com a Qualidade e OriginalidadeNo Meu Amado Linux, a autoria humana e a experi\u00eancia pr\u00e1tica s\u00e3o pilares fundamentais. A IA ser\u00e1 utilizada como uma ferramenta de suporte, e n\u00e3o como um substituto para a pesquisa aprofundada, a an\u00e1lise cr\u00edtica e a voz \u00fanica de Marcus Oliveira e de outros colaboradores humanos. Todo o conte\u00fado publicado passar\u00e1 por revis\u00e3o e aprova\u00e7\u00e3o humana rigorosa para garantir sua precis\u00e3o, relev\u00e2ncia e originalidade. 2. Usos da Intelig\u00eancia ArtificialA IA poder\u00e1 ser empregada para as seguintes finalidades, entre outras: Otimiza\u00e7\u00e3o de Conte\u00fado: Aux\u00edlio na an\u00e1lise de palavras-chave, sugest\u00e3o de t\u00f3picos e melhoria da legibilidade para otimiza\u00e7\u00e3o para motores de busca (SEO).Gera\u00e7\u00e3o de Ideias: Suporte na gera\u00e7\u00e3o de ideias para artigos, tutoriais e projetos.Revis\u00e3o e Edi\u00e7\u00e3o: Ferramentas de IA podem ser usadas para identificar erros gramaticais, ortogr\u00e1ficos e de pontua\u00e7\u00e3o, bem como para sugerir melhorias na clareza e concis\u00e3o do texto.Tradu\u00e7\u00e3o: Apoio na tradu\u00e7\u00e3o de conte\u00fados para atingir um p\u00fablico mais amplo, sempre com revis\u00e3o humana para garantir a acur\u00e1cia.Automatiza\u00e7\u00e3o de Tarefas: Aux\u00edlio em tarefas repetitivas, como a organiza\u00e7\u00e3o de dados e a gera\u00e7\u00e3o de resumos.3. Limita\u00e7\u00f5es e Responsabilidade\u00c9 importante ressaltar que as ferramentas de IA, apesar de poderosas, possuem limita\u00e7\u00f5es. O Meu Amado Linux assume a total responsabilidade pelo conte\u00fado publicado, independentemente do uso de IA em seu processo de cria\u00e7\u00e3o. Estaremos atentos a poss\u00edveis vieses ou imprecis\u00f5es geradas por IA, e qualquer informa\u00e7\u00e3o cr\u00edtica ou t\u00e9cnica ser\u00e1 sempre verificada e validada por especialistas humanos. N\u00e3o utilizaremos IA para: Gerar conte\u00fado inteiramente sem supervis\u00e3o humana.Substituir a pesquisa aprofundada e a expertise de Marcus Oliveira.Disseminar informa\u00e7\u00f5es falsas ou enganosas.4. Transpar\u00eanciaQuando o uso de IA for significativo na cria\u00e7\u00e3o ou edi\u00e7\u00e3o de um determinado conte\u00fado, buscaremos ser transparentes com nossos leitores. Nosso compromisso \u00e9 manter a confian\u00e7a da comunidade Meu Amado Linux. 5. Feedback e ContatoEncorajamos nossos leitores a nos fornecerem feedback sobre esta pol\u00edtica ou sobre o uso de IA em nosso blog. Suas opini\u00f5es s\u00e3o valiosas para n\u00f3s. Para quaisquer d\u00favidas ou sugest\u00f5es, entre em contato atrav\u00e9s do e-mail: contato@blogmeuamadolinux.com.br. Propriet\u00e1rio do Blog: Marcus OliveiraMeu Amado Linux<\/p>\n","protected":false},"author":1,"featured_media":0,"parent":0,"menu_order":0,"comment_status":"closed","ping_status":"closed","template":"elementor_canvas","meta":{"footnotes":""},"class_list":["post-16","page","type-page","status-publish","hentry"],"_links":{"self":[{"href":"https:\/\/projetos.devmarcusoliveira.com.br\/blogmeuamadolinux\/wp-json\/wp\/v2\/pages\/16","targetHints":{"allow":["GET"]}}],"collection":[{"href":"https:\/\/projetos.devmarcusoliveira.com.br\/blogmeuamadolinux\/wp-json\/wp\/v2\/pages"}],"about":[{"href":"https:\/\/projetos.devmarcusoliveira.com.br\/blogmeuamadolinux\/wp-json\/wp\/v2\/types\/page"}],"author":[{"embeddable":true,"href":"https:\/\/projetos.devmarcusoliveira.com.br\/blogmeuamadolinux\/wp-json\/wp\/v2\/users\/1"}],"replies":[{"embeddable":true,"href":"https:\/\/projetos.devmarcusoliveira.com.br\/blogmeuamadolinux\/wp-json\/wp\/v2\/comments?post=16"}],"version-history":[{"count":7,"href":"https:\/\/projetos.devmarcusoliveira.com.br\/blogmeuamadolinux\/wp-json\/wp\/v2\/pages\/16\/revisions"}],"predecessor-version":[{"id":383,"href":"https:\/\/projetos.devmarcusoliveira.com.br\/blogmeuamadolinux\/wp-json\/wp\/v2\/pages\/16\/revisions\/383"}],"wp:attachment":[{"href":"https:\/\/projetos.devmarcusoliveira.com.br\/blogmeuamadolinux\/wp-json\/wp\/v2\/media?parent=16"}],"curies":[{"name":"wp","href":"https:\/\/api.w.org\/{rel}","templated":true}]}}